{"id":8,"date":"2025-05-23T15:54:01","date_gmt":"2025-05-23T15:54:01","guid":{"rendered":"http:\/\/ec2-3-99-221-8.ca-central-1.compute.amazonaws.com\/wordpress\/?page_id=8"},"modified":"2026-03-26T09:58:39","modified_gmt":"2026-03-26T13:58:39","slug":"home","status":"publish","type":"page","link":"https:\/\/nan-rna.ca\/fr\/","title":{"rendered":"Accueil"},"content":{"rendered":"<div class=\"wp-block-group alignfull has-global-padding is-content-justification-center is-layout-constrained wp-block-group-is-layout-constrained\">\n<div class=\"wp-block-cover alignfull is-light has-custom-content-position is-position-center-left hero-container\" style=\"margin-top:0;margin-bottom:0;padding-top:var(--wp--preset--spacing--lg);padding-right:var(--wp--preset--spacing--md);padding-bottom:var(--wp--preset--spacing--lg);padding-left:var(--wp--preset--spacing--md);min-height:500px;aspect-ratio:unset;\"><img loading=\"lazy\" decoding=\"async\" width=\"1739\" height=\"421\" class=\"wp-block-cover__image-background wp-image-833 size-full\" alt=\"Banner with light background and a small green sapling with visible roots standing alone on the right side.\" src=\"https:\/\/nan-rna.ca\/wp-content\/uploads\/2025\/06\/stictched-1.png\" style=\"object-position:93% 52%\" data-object-fit=\"cover\" data-object-position=\"93% 52%\"\/><span aria-hidden=\"true\" class=\"wp-block-cover__background has-base-background-color has-background-dim-20 has-background-dim\"><\/span><div class=\"wp-block-cover__inner-container has-global-padding is-layout-constrained wp-container-core-cover-is-layout-ada9f193 wp-block-cover-is-layout-constrained\">\n<div class=\"wp-block-columns alignwide are-vertically-aligned-center is-layout-flex wp-container-core-columns-is-layout-71ec47b6 wp-block-columns-is-layout-flex\">\n<div class=\"wp-block-column is-vertically-aligned-center has-custom-image-overlay-background-color has-background is-layout-flow wp-block-column-is-layout-flow\" style=\"border-radius:1rem;padding-top:var(--wp--preset--spacing--xs);padding-right:var(--wp--preset--spacing--xs);padding-bottom:var(--wp--preset--spacing--xs);padding-left:var(--wp--preset--spacing--xs);flex-basis:100%\">\n<h1 class=\"wp-block-heading has-primary-blue-color has-text-color\" style=\"font-size:clamp(1.976rem, 1.976rem + ((1vw - 0.2rem) * 1.905), 3.5rem);font-style:normal;font-weight:700;line-height:1.2\">R\u00e9seau national de l'autisme du Canada<\/h1>\n\n\n\n<p class=\"has-contrast-color has-text-color\" style=\"margin-top:var(--wp--preset--spacing--sm);margin-bottom:var(--wp--preset--spacing--md);font-size:clamp(0.875rem, 0.875rem + ((1vw - 0.2rem) * 0.469), 1.25rem);line-height:1.5\">Placer les personnes autistes, les familles et la communaut\u00e9 au coeur de l\u2019avenir.<\/p>\n\n\n\n<div class=\"wp-block-buttons is-layout-flex wp-container-core-buttons-is-layout-78e58421 wp-block-buttons-is-layout-flex\">\n<div class=\"wp-block-button hover-green is-style-outline is-style-outline--1\"><a class=\"wp-block-button__link has-montserrat-font-family has-custom-font-size wp-element-button\" href=\"https:\/\/nan-rna.ca\/fr\/about-us\/\" style=\"border-radius:50px;padding-top:0.7rem;padding-right:1.5rem;padding-bottom:0.7rem;padding-left:1.5rem;font-size:clamp(14px, 0.875rem + ((1vw - 3.2px) * 0.469), 20px);font-style:normal;font-weight:500\">En savoir plus<\/a><\/div>\n\n\n\n<div class=\"wp-block-button hover-green is-style-fill\"><a class=\"wp-block-button__link has-custom-color-1-color has-custom-blue-5-background-color has-text-color has-background has-link-color has-montserrat-font-family has-custom-font-size wp-element-button\" href=\"https:\/\/nan-rna.ca\/fr\/participate\/#member\" style=\"border-radius:50px;padding-top:0.7rem;padding-right:1.5rem;padding-bottom:0.7rem;padding-left:1.5rem;font-size:clamp(14px, 0.875rem + ((1vw - 3.2px) * 0.469), 20px);font-style:normal;font-weight:500\">Devenir membre<\/a><\/div>\n<\/div>\n<\/div>\n<\/div>\n<\/div><\/div>\n<\/div>\n\n\n\n<div class=\"wp-block-group alignfull has-global-padding is-layout-constrained wp-container-core-group-is-layout-e601578e wp-block-group-is-layout-constrained\" style=\"margin-top:0;margin-bottom:0;padding-top:var(--wp--preset--spacing--lg);padding-right:var(--wp--preset--spacing--md);padding-bottom:var(--wp--preset--spacing--sm);padding-left:var(--wp--preset--spacing--md)\">\n<div class=\"wp-block-columns alignwide is-layout-flex wp-container-core-columns-is-layout-71ec47b6 wp-block-columns-is-layout-flex\">\n<div class=\"wp-block-column is-layout-flow wp-block-column-is-layout-flow\" style=\"flex-basis:40%\">\n<div class=\"wp-block-group has-background has-global-padding is-layout-constrained wp-container-core-group-is-layout-254f1302 wp-block-group-is-layout-constrained\" style=\"border-radius:8px;background-color:#eff2f6;padding-top:0;padding-right:0;padding-bottom:0;padding-left:0\">\n<figure class=\"wp-block-image size-full\"><img loading=\"lazy\" decoding=\"async\" width=\"5472\" height=\"3648\" src=\"https:\/\/nan-rna.ca\/wp-content\/uploads\/2025\/06\/Mission-and-Vision.jpg\" alt=\"Un groupe de personnes l\u00e8ve les deux mains en signe d&#039;applaudissements silencieux pendant une session de conf\u00e9rence.\" class=\"wp-image-473\" title=\"Un groupe de personnes l\u00e8ve les deux mains en signe d&#039;applaudissements silencieux pendant une session de conf\u00e9rence.\"\/><\/figure>\n<\/div>\n<\/div>\n\n\n\n<div class=\"wp-block-column is-layout-flow wp-block-column-is-layout-flow\" style=\"flex-basis:60%\">\n<h2 class=\"wp-block-heading has-primary-blue-color has-text-color\" id=\"mission\">Mission<\/h2>\n\n\n\n<div style=\"height:15px\" aria-hidden=\"true\" class=\"wp-block-spacer\"><\/div>\n\n\n\n<p class=\"has-medium-font-size\">Port\u00e9 par les personnes Autistes et leurs familles, le R\u00e9seau national de l\u2019autisme contribue \u00e0 \u00e9clairer la Strat\u00e9gie pour l\u2019autisme du Canada et \u00e0 fa\u00e7onner un avenir o\u00f9 les personnes Autistes s\u2019\u00e9panouissent.<\/p>\n\n\n\n<div style=\"height:43px\" aria-hidden=\"true\" class=\"wp-block-spacer\"><\/div>\n\n\n\n<h2 class=\"wp-block-heading has-primary-blue-color has-text-color\" id=\"vision\">Vision<\/h2>\n\n\n\n<p class=\"has-medium-font-size\">Un pays o\u00f9 l\u2019exp\u00e9rience v\u00e9cue des personnes autistes et de leurs familles fa\u00e7onne les politiques, les syst\u00e8mes et les communaut\u00e9s pour assurer l\u2019inclusion, l\u2019\u00e9quit\u00e9 et des opportunit\u00e9s \u00e9gales \u00e0 toutes les \u00e9tapes de la vie.<br><\/p>\n\n\n\n<div style=\"height:15px\" aria-hidden=\"true\" class=\"wp-block-spacer\"><\/div>\n\n\n\n<div style=\"height:43px\" aria-hidden=\"true\" class=\"wp-block-spacer\"><\/div>\n<\/div>\n<\/div>\n<\/div>\n\n\n\n<div class=\"wp-block-group has-global-padding is-layout-constrained wp-container-core-group-is-layout-84b819b2 wp-block-group-is-layout-constrained\" style=\"margin-top:0;margin-bottom:0;padding-top:var(--wp--preset--spacing--sm);padding-right:var(--wp--preset--spacing--sm);padding-bottom:var(--wp--preset--spacing--sm);padding-left:var(--wp--preset--spacing--sm)\">\n<div class=\"wp-block-columns are-vertically-aligned-center is-layout-flex wp-container-core-columns-is-layout-06f9694c wp-block-columns-is-layout-flex\" style=\"margin-top:0;margin-bottom:0;padding-top:0;padding-bottom:0\">\n<div class=\"wp-block-column is-vertically-aligned-center is-layout-flow wp-container-core-column-is-layout-ed9b32d5 wp-block-column-is-layout-flow\" style=\"flex-basis:25%\">\n<div class=\"wp-block-buttons is-content-justification-center is-layout-flex wp-container-core-buttons-is-layout-a89b3969 wp-block-buttons-is-layout-flex\">\n<div class=\"wp-block-button has-custom-width wp-block-button__width-100\"><a class=\"wp-block-button__link has-base-color has-primary-blue-background-color has-text-color has-background has-link-color has-text-align-center has-custom-font-size wp-element-button\" href=\"https:\/\/nan-rna.ca\/fr\/about-us\/\" style=\"font-size:clamp(14px, 0.875rem + ((1vw - 3.2px) * 0.469), 20px);\">\u00c0 propos<\/a><\/div>\n<\/div>\n<\/div>\n\n\n\n<div class=\"wp-block-column is-vertically-aligned-center is-layout-flow wp-container-core-column-is-layout-ed9b32d5 wp-block-column-is-layout-flow\" style=\"flex-basis:25%\">\n<div class=\"wp-block-buttons is-content-justification-center is-layout-flex wp-container-core-buttons-is-layout-a89b3969 wp-block-buttons-is-layout-flex\">\n<div class=\"wp-block-button has-custom-width wp-block-button__width-100\"><a class=\"wp-block-button__link has-base-color has-primary-blue-background-color has-text-color has-background has-link-color has-text-align-center has-custom-font-size wp-element-button\" href=\"https:\/\/nan-rna.ca\/fr\/participate\/\" style=\"font-size:clamp(14px, 0.875rem + ((1vw - 3.2px) * 0.469), 20px);\">Participer<\/a><\/div>\n<\/div>\n<\/div>\n\n\n\n<div class=\"wp-block-column is-vertically-aligned-center is-layout-flow wp-container-core-column-is-layout-ed9b32d5 wp-block-column-is-layout-flow\" style=\"flex-basis:25%\">\n<div class=\"wp-block-buttons is-content-justification-center is-layout-flex wp-container-core-buttons-is-layout-a89b3969 wp-block-buttons-is-layout-flex\">\n<div class=\"wp-block-button has-custom-width wp-block-button__width-100\"><a class=\"wp-block-button__link has-base-color has-primary-blue-background-color has-text-color has-background has-link-color has-text-align-center has-custom-font-size wp-element-button\" href=\"https:\/\/nan-rna.ca\/fr\/resources\/\" style=\"font-size:clamp(14px, 0.875rem + ((1vw - 3.2px) * 0.469), 20px);\">Ressources<\/a><\/div>\n<\/div>\n<\/div>\n\n\n\n<div class=\"wp-block-column is-vertically-aligned-center is-layout-flow wp-container-core-column-is-layout-ed9b32d5 wp-block-column-is-layout-flow\" style=\"flex-basis:25%\">\n<div class=\"wp-block-buttons is-content-justification-center is-layout-flex wp-container-core-buttons-is-layout-a89b3969 wp-block-buttons-is-layout-flex\">\n<div class=\"wp-block-button has-custom-width wp-block-button__width-100\"><a class=\"wp-block-button__link has-base-color has-primary-blue-background-color has-text-color has-background has-link-color has-text-align-center has-custom-font-size wp-element-button\" href=\"https:\/\/nan-rna.ca\/fr\/contact-us\/\" style=\"font-size:clamp(14px, 0.875rem + ((1vw - 3.2px) * 0.469), 20px);\">Nous joindre<\/a><\/div>\n<\/div>\n<\/div>\n<\/div>\n<\/div>","protected":false},"excerpt":{"rendered":"<p>Mission Driven by Autistic people and their families, the National Autism Network informs Canada&#8217;s Autism Strategy and helps shape a future where Autistic people thrive. Vision A Canada where the [&hellip;]<\/p>\n","protected":false},"author":1,"featured_media":749,"parent":0,"menu_order":0,"comment_status":"closed","ping_status":"closed","template":"","meta":{"_price":"","_stock":"","_tribe_ticket_header":"","_tribe_default_ticket_provider":"","_tribe_ticket_capacity":"0","_ticket_start_date":"","_ticket_end_date":"","_tribe_ticket_show_description":"","_tribe_ticket_show_not_going":false,"_tribe_ticket_use_global_stock":"","_tribe_ticket_global_stock_level":"","_global_stock_mode":"","_global_stock_cap":"","_tribe_rsvp_for_event":"","_tribe_ticket_going_count":"","_tribe_ticket_not_going_count":"","_tribe_tickets_list":"[]","_tribe_ticket_has_attendee_info_fields":false,"_EventAllDay":false,"_EventTimezone":"","_EventStartDate":"","_EventEndDate":"","_EventStartDateUTC":"","_EventEndDateUTC":"","_EventShowMap":false,"_EventShowMapLink":false,"_EventURL":"","_EventCost":"","_EventCostDescription":"","_EventCurrencySymbol":"","_EventCurrencyCode":"","_EventCurrencyPosition":"","_EventDateTimeSeparator":"","_EventTimeRangeSeparator":"","_EventOrganizerID":[],"_EventVenueID":[],"_OrganizerEmail":"","_OrganizerPhone":"","_OrganizerWebsite":"","_VenueAddress":"","_VenueCity":"","_VenueCountry":"","_VenueProvince":"","_VenueState":"","_VenueZip":"","_VenuePhone":"","_VenueURL":"","_VenueStateProvince":"","_VenueLat":"","_VenueLng":"","_VenueShowMap":false,"_VenueShowMapLink":false,"_tribe_blocks_recurrence_rules":"","_tribe_blocks_recurrence_description":"","_tribe_blocks_recurrence_exclusions":"","footnotes":"","_tec_slr_enabled":"","_tec_slr_layout":""},"class_list":["post-8","page","type-page","status-publish","has-post-thumbnail","hentry"],"yoast_head":"<!-- This site is optimized with the Yoast SEO plugin v27.4 - https:\/\/yoast.com\/product\/yoast-seo-wordpress\/ -->\n<title>Home - National Autism Network<\/title>\n<meta name=\"robots\" content=\"index, follow, max-snippet:-1, max-image-preview:large, max-video-preview:-1\" \/>\n<link rel=\"canonical\" href=\"https:\/\/nan-rna.ca\/fr\/\" \/>\n<meta property=\"og:locale\" content=\"fr_CA\" \/>\n<meta property=\"og:type\" content=\"article\" \/>\n<meta property=\"og:title\" content=\"Home - National Autism Network\" \/>\n<meta property=\"og:description\" content=\"Mission Driven by Autistic people and their families, the National Autism Network informs Canada&#8217;s Autism Strategy and helps shape a future where Autistic people thrive. Vision A Canada where the [&hellip;]\" \/>\n<meta property=\"og:url\" content=\"https:\/\/nan-rna.ca\/fr\/\" \/>\n<meta property=\"og:site_name\" content=\"National Autism Network\" \/>\n<meta property=\"article:modified_time\" content=\"2026-03-26T13:58:39+00:00\" \/>\n<meta property=\"og:image\" content=\"https:\/\/nan-rna.ca\/wp-content\/uploads\/2025\/06\/vf.png\" \/>\n\t<meta property=\"og:image:width\" content=\"1720\" \/>\n\t<meta property=\"og:image:height\" content=\"800\" \/>\n\t<meta property=\"og:image:type\" content=\"image\/png\" \/>\n<meta name=\"twitter:card\" content=\"summary_large_image\" \/>\n<meta name=\"twitter:label1\" content=\"Estimation du temps de lecture\" \/>\n\t<meta name=\"twitter:data1\" content=\"1 minute\" \/>\n<script type=\"application\/ld+json\" class=\"yoast-schema-graph\">{\"@context\":\"https:\\\/\\\/schema.org\",\"@graph\":[{\"@type\":\"WebPage\",\"@id\":\"https:\\\/\\\/nan-rna.ca\\\/\",\"url\":\"https:\\\/\\\/nan-rna.ca\\\/\",\"name\":\"Home - National Autism Network\",\"isPartOf\":{\"@id\":\"https:\\\/\\\/nan-rna.ca\\\/#website\"},\"primaryImageOfPage\":{\"@id\":\"https:\\\/\\\/nan-rna.ca\\\/#primaryimage\"},\"image\":{\"@id\":\"https:\\\/\\\/nan-rna.ca\\\/#primaryimage\"},\"thumbnailUrl\":\"https:\\\/\\\/nan-rna.ca\\\/wp-content\\\/uploads\\\/2025\\\/06\\\/vf.png\",\"datePublished\":\"2025-05-23T15:54:01+00:00\",\"dateModified\":\"2026-03-26T13:58:39+00:00\",\"breadcrumb\":{\"@id\":\"https:\\\/\\\/nan-rna.ca\\\/#breadcrumb\"},\"inLanguage\":\"fr-CA\",\"potentialAction\":[{\"@type\":\"ReadAction\",\"target\":[\"https:\\\/\\\/nan-rna.ca\\\/\"]}]},{\"@type\":\"ImageObject\",\"inLanguage\":\"fr-CA\",\"@id\":\"https:\\\/\\\/nan-rna.ca\\\/#primaryimage\",\"url\":\"https:\\\/\\\/nan-rna.ca\\\/wp-content\\\/uploads\\\/2025\\\/06\\\/vf.png\",\"contentUrl\":\"https:\\\/\\\/nan-rna.ca\\\/wp-content\\\/uploads\\\/2025\\\/06\\\/vf.png\",\"width\":1720,\"height\":800,\"caption\":\"Banner with light background and a small green sapling with visible roots standing alone on the right side.\"},{\"@type\":\"BreadcrumbList\",\"@id\":\"https:\\\/\\\/nan-rna.ca\\\/#breadcrumb\",\"itemListElement\":[{\"@type\":\"ListItem\",\"position\":1,\"name\":\"Home\",\"item\":\"https:\\\/\\\/nan-rna.ca\\\/\"},{\"@type\":\"ListItem\",\"position\":2,\"name\":\"Home\"}]},{\"@type\":\"WebSite\",\"@id\":\"https:\\\/\\\/nan-rna.ca\\\/#website\",\"url\":\"https:\\\/\\\/nan-rna.ca\\\/\",\"name\":\"National Autism Network\",\"description\":\"Centering Autistic People, Families, and Community to Shape the Future.\",\"publisher\":{\"@id\":\"https:\\\/\\\/nan-rna.ca\\\/#organization\"},\"potentialAction\":[{\"@type\":\"SearchAction\",\"target\":{\"@type\":\"EntryPoint\",\"urlTemplate\":\"https:\\\/\\\/nan-rna.ca\\\/?s={search_term_string}\"},\"query-input\":{\"@type\":\"PropertyValueSpecification\",\"valueRequired\":true,\"valueName\":\"search_term_string\"}}],\"inLanguage\":\"fr-CA\"},{\"@type\":\"Organization\",\"@id\":\"https:\\\/\\\/nan-rna.ca\\\/#organization\",\"name\":\"National Autism Network\",\"url\":\"https:\\\/\\\/nan-rna.ca\\\/\",\"logo\":{\"@type\":\"ImageObject\",\"inLanguage\":\"fr-CA\",\"@id\":\"https:\\\/\\\/nan-rna.ca\\\/#\\\/schema\\\/logo\\\/image\\\/\",\"url\":\"https:\\\/\\\/nan-rna.ca\\\/wp-content\\\/uploads\\\/2025\\\/05\\\/The-Network-logo-1080x300-1.png\",\"contentUrl\":\"https:\\\/\\\/nan-rna.ca\\\/wp-content\\\/uploads\\\/2025\\\/05\\\/The-Network-logo-1080x300-1.png\",\"width\":2160,\"height\":600,\"caption\":\"National Autism Network\"},\"image\":{\"@id\":\"https:\\\/\\\/nan-rna.ca\\\/#\\\/schema\\\/logo\\\/image\\\/\"}}]}<\/script>\n<!-- \/ Yoast SEO plugin. -->","yoast_head_json":{"title":"Home - National Autism Network","robots":{"index":"index","follow":"follow","max-snippet":"max-snippet:-1","max-image-preview":"max-image-preview:large","max-video-preview":"max-video-preview:-1"},"canonical":"https:\/\/nan-rna.ca\/fr\/","og_locale":"fr_CA","og_type":"article","og_title":"Home - National Autism Network","og_description":"Mission Driven by Autistic people and their families, the National Autism Network informs Canada&#8217;s Autism Strategy and helps shape a future where Autistic people thrive. Vision A Canada where the [&hellip;]","og_url":"https:\/\/nan-rna.ca\/fr\/","og_site_name":"National Autism Network","article_modified_time":"2026-03-26T13:58:39+00:00","og_image":[{"width":1720,"height":800,"url":"https:\/\/nan-rna.ca\/wp-content\/uploads\/2025\/06\/vf.png","type":"image\/png"}],"twitter_card":"summary_large_image","twitter_misc":{"Estimation du temps de lecture":"1 minute"},"schema":{"@context":"https:\/\/schema.org","@graph":[{"@type":"WebPage","@id":"https:\/\/nan-rna.ca\/","url":"https:\/\/nan-rna.ca\/","name":"Home - National Autism Network","isPartOf":{"@id":"https:\/\/nan-rna.ca\/#website"},"primaryImageOfPage":{"@id":"https:\/\/nan-rna.ca\/#primaryimage"},"image":{"@id":"https:\/\/nan-rna.ca\/#primaryimage"},"thumbnailUrl":"https:\/\/nan-rna.ca\/wp-content\/uploads\/2025\/06\/vf.png","datePublished":"2025-05-23T15:54:01+00:00","dateModified":"2026-03-26T13:58:39+00:00","breadcrumb":{"@id":"https:\/\/nan-rna.ca\/#breadcrumb"},"inLanguage":"fr-CA","potentialAction":[{"@type":"ReadAction","target":["https:\/\/nan-rna.ca\/"]}]},{"@type":"ImageObject","inLanguage":"fr-CA","@id":"https:\/\/nan-rna.ca\/#primaryimage","url":"https:\/\/nan-rna.ca\/wp-content\/uploads\/2025\/06\/vf.png","contentUrl":"https:\/\/nan-rna.ca\/wp-content\/uploads\/2025\/06\/vf.png","width":1720,"height":800,"caption":"Banner with light background and a small green sapling with visible roots standing alone on the right side."},{"@type":"BreadcrumbList","@id":"https:\/\/nan-rna.ca\/#breadcrumb","itemListElement":[{"@type":"ListItem","position":1,"name":"Home","item":"https:\/\/nan-rna.ca\/"},{"@type":"ListItem","position":2,"name":"Home"}]},{"@type":"WebSite","@id":"https:\/\/nan-rna.ca\/#website","url":"https:\/\/nan-rna.ca\/","name":"R\u00e9seau national de l&#039;autisme","description":"Placer les personnes autistes, les familles et la communaut\u00e9 au coeur de l\u2019avenir.","publisher":{"@id":"https:\/\/nan-rna.ca\/#organization"},"potentialAction":[{"@type":"SearchAction","target":{"@type":"EntryPoint","urlTemplate":"https:\/\/nan-rna.ca\/?s={search_term_string}"},"query-input":{"@type":"PropertyValueSpecification","valueRequired":true,"valueName":"search_term_string"}}],"inLanguage":"fr-CA"},{"@type":"Organization","@id":"https:\/\/nan-rna.ca\/#organization","name":"R\u00e9seau national de l&#039;autisme","url":"https:\/\/nan-rna.ca\/","logo":{"@type":"ImageObject","inLanguage":"fr-CA","@id":"https:\/\/nan-rna.ca\/#\/schema\/logo\/image\/","url":"https:\/\/nan-rna.ca\/wp-content\/uploads\/2025\/05\/The-Network-logo-1080x300-1.png","contentUrl":"https:\/\/nan-rna.ca\/wp-content\/uploads\/2025\/05\/The-Network-logo-1080x300-1.png","width":2160,"height":600,"caption":"National Autism Network"},"image":{"@id":"https:\/\/nan-rna.ca\/#\/schema\/logo\/image\/"}}]}},"ticketed":false,"_links":{"self":[{"href":"https:\/\/nan-rna.ca\/fr\/wp-json\/wp\/v2\/pages\/8","targetHints":{"allow":["GET"]}}],"collection":[{"href":"https:\/\/nan-rna.ca\/fr\/wp-json\/wp\/v2\/pages"}],"about":[{"href":"https:\/\/nan-rna.ca\/fr\/wp-json\/wp\/v2\/types\/page"}],"author":[{"embeddable":true,"href":"https:\/\/nan-rna.ca\/fr\/wp-json\/wp\/v2\/users\/1"}],"replies":[{"embeddable":true,"href":"https:\/\/nan-rna.ca\/fr\/wp-json\/wp\/v2\/comments?post=8"}],"version-history":[{"count":175,"href":"https:\/\/nan-rna.ca\/fr\/wp-json\/wp\/v2\/pages\/8\/revisions"}],"predecessor-version":[{"id":4870,"href":"https:\/\/nan-rna.ca\/fr\/wp-json\/wp\/v2\/pages\/8\/revisions\/4870"}],"wp:featuredmedia":[{"embeddable":true,"href":"https:\/\/nan-rna.ca\/fr\/wp-json\/wp\/v2\/media\/749"}],"wp:attachment":[{"href":"https:\/\/nan-rna.ca\/fr\/wp-json\/wp\/v2\/media?parent=8"}],"curies":[{"name":"wp","href":"https:\/\/api.w.org\/{rel}","templated":true}]}}