{"id":76,"date":"2025-05-23T21:00:18","date_gmt":"2025-05-23T21:00:18","guid":{"rendered":"http:\/\/ec2-3-99-221-8.ca-central-1.compute.amazonaws.com\/wordpress\/?page_id=76"},"modified":"2025-07-03T01:11:28","modified_gmt":"2025-07-03T05:11:28","slug":"resources","status":"publish","type":"page","link":"https:\/\/nan-rna.ca\/fr\/resources\/","title":{"rendered":"Ressources"},"content":{"rendered":"<h1 class=\"wp-block-heading\" style=\"margin-left:0;padding-left:var(--wp--preset--spacing--xl)\">Ressources<\/h1>\n\n\n\n<div style=\"height:43px\" aria-hidden=\"true\" class=\"wp-block-spacer\"><\/div>\n\n\n\n<p style=\"padding-right:var(--wp--preset--spacing--xl);padding-left:var(--wp--preset--spacing--xl)\">Une collection de ressources utiles \u00e0 propos des politiques, de la recherche et du travail de la communaut\u00e9 dans le domaine de l\u2019autisme.\u00a0<\/p>\n\n\n\n<p style=\"padding-right:var(--wp--preset--spacing--xl);padding-left:var(--wp--preset--spacing--xl)\">Elle contient des liens vers les sites de nos partenaires, comme l\u2019Alliance canadienne de l\u2019autisme et la Sinneave Family Foundation, ainsi que des nouvelles nationales, comme l\u2019annonce de l\u2019Agence de la sant\u00e9 publique du Canada au sujet du lancement du R\u00e9seau national de l\u2019autisme.\u00a0<\/p>\n\n\n\n<p style=\"padding-right:var(--wp--preset--spacing--xl);padding-left:var(--wp--preset--spacing--xl)\">Nous nous engageons \u00e0 partager de l\u2019information claire et fiable pour soutenir la collaboration et vous tenir au courant des activit\u00e9s du R\u00e9seau et de la progression de la Strat\u00e9gie pour l\u2019autisme au Canada.\u00a0\u00a0<\/p>\n\n\n\n<div class=\"wp-block-group is-content-justification-center is-layout-flex wp-container-core-group-is-layout-e793881d wp-block-group-is-layout-flex\" style=\"padding-top:var(--wp--preset--spacing--md);padding-right:var(--wp--preset--spacing--md);padding-bottom:var(--wp--preset--spacing--md);padding-left:var(--wp--preset--spacing--md)\">\n<div class=\"wp-block-group has-base-color has-primary-blue-background-color has-text-color has-background wp-container-content-432d1f4f is-vertical is-content-justification-center is-layout-flex wp-container-core-group-is-layout-a8869cf5 wp-block-group-is-layout-flex\" style=\"border-radius:10px;min-height:250px;padding-top:var(--wp--preset--spacing--md);padding-right:var(--wp--preset--spacing--md);padding-bottom:var(--wp--preset--spacing--md);padding-left:var(--wp--preset--spacing--md)\">\n<p class=\"has-base-color has-text-color has-link-color wp-elements-a0bcbbb40d6d9843b52bce1efadf22a4\" style=\"font-size:clamp(17.905px, 1.119rem + ((1vw - 3.2px) * 0.789), 28px);\">Strat\u00e9gie pour l\u2019autisme au Canada<\/p>\n\n\n\n<div style=\"height:0px\" aria-hidden=\"true\" class=\"wp-block-spacer wp-container-content-fdc43b14\"><\/div>\n\n\n\n<div class=\"wp-block-buttons is-layout-flex wp-block-buttons-is-layout-flex\">\n<div class=\"wp-block-button is-style-outline tertiary-button is-style-outline--1\"><a class=\"wp-block-button__link has-base-color has-primary-blue-background-color has-text-color has-background has-link-color has-border-color has-tertiary-green-border-color wp-element-button\" href=\"https:\/\/www.canada.ca\/fr\/sante-publique\/services\/publications\/maladies-et-affections\/strategie-autisme-canada.html\" style=\"border-radius:50px\" target=\"_blank\" rel=\"noreferrer noopener\">Acc\u00e9der \u00e0 la ressource<\/a><\/div>\n<\/div>\n<\/div>\n\n\n\n<div class=\"wp-block-group has-base-color has-primary-blue-background-color has-text-color has-background wp-container-content-432d1f4f is-vertical is-content-justification-center is-layout-flex wp-container-core-group-is-layout-a8869cf5 wp-block-group-is-layout-flex\" style=\"border-radius:10px;min-height:250px;padding-top:var(--wp--preset--spacing--md);padding-right:var(--wp--preset--spacing--md);padding-bottom:var(--wp--preset--spacing--md);padding-left:var(--wp--preset--spacing--md)\">\n<p class=\"has-base-color has-text-color has-link-color wp-elements-9cdae9518b5643d639de9c7604e6c968\" style=\"font-size:clamp(17.905px, 1.119rem + ((1vw - 3.2px) * 0.789), 28px);\">Alliance canadienne de l\u2019autisme<\/p>\n\n\n\n<div style=\"height:0px\" aria-hidden=\"true\" class=\"wp-block-spacer wp-container-content-fdc43b14\"><\/div>\n\n\n\n<div class=\"wp-block-buttons is-layout-flex wp-block-buttons-is-layout-flex\">\n<div class=\"wp-block-button is-style-outline tertiary-button is-style-outline--2\"><a class=\"wp-block-button__link has-base-color has-primary-blue-background-color has-text-color has-background has-link-color has-border-color has-tertiary-green-border-color wp-element-button\" href=\"https:\/\/autismalliance.ca\/fr\/\" style=\"border-radius:50px\" target=\"_blank\" rel=\"noreferrer noopener\">Acc\u00e9der \u00e0 la ressource<\/a><\/div>\n<\/div>\n<\/div>\n\n\n\n<div class=\"wp-block-group has-base-color has-primary-blue-background-color has-text-color has-background wp-container-content-432d1f4f is-vertical is-content-justification-center is-layout-flex wp-container-core-group-is-layout-a8869cf5 wp-block-group-is-layout-flex\" style=\"border-radius:10px;min-height:250px;padding-top:var(--wp--preset--spacing--md);padding-right:var(--wp--preset--spacing--md);padding-bottom:var(--wp--preset--spacing--md);padding-left:var(--wp--preset--spacing--md)\">\n<p class=\"has-text-align-center has-base-color has-text-color has-link-color wp-elements-fe8ba345b32c595e1a2a283c90257957\" style=\"font-size:clamp(17.905px, 1.119rem + ((1vw - 3.2px) * 0.789), 28px);\">Cadre pour l\u2019autisme au Canada<\/p>\n\n\n\n<div style=\"height:0px\" aria-hidden=\"true\" class=\"wp-block-spacer wp-container-content-fdc43b14\"><\/div>\n\n\n\n<div class=\"wp-block-buttons is-layout-flex wp-block-buttons-is-layout-flex\">\n<div class=\"wp-block-button is-style-outline tertiary-button is-style-outline--3\"><a class=\"wp-block-button__link has-base-color has-primary-blue-background-color has-text-color has-background has-link-color has-border-color has-tertiary-green-border-color wp-element-button\" href=\"https:\/\/www.canada.ca\/fr\/sante-publique\/services\/publications\/maladies-et-affections\/cadre-autisme-canada.html\" style=\"border-radius:50px\" target=\"_blank\" rel=\"noreferrer noopener\">Acc\u00e9der \u00e0 la ressource<\/a><\/div>\n<\/div>\n<\/div>\n\n\n\n<div class=\"wp-block-group has-base-color has-primary-blue-background-color has-text-color has-background wp-container-content-432d1f4f is-vertical is-content-justification-center is-layout-flex wp-container-core-group-is-layout-a8869cf5 wp-block-group-is-layout-flex\" style=\"border-radius:10px;min-height:250px;padding-top:var(--wp--preset--spacing--md);padding-right:var(--wp--preset--spacing--md);padding-bottom:var(--wp--preset--spacing--md);padding-left:var(--wp--preset--spacing--md)\">\n<p class=\"has-text-align-center has-base-color has-text-color has-link-color wp-elements-0823c964156adf23f52994a546290b78\" style=\"font-size:clamp(17.905px, 1.119rem + ((1vw - 3.2px) * 0.789), 28px);\">La Fondation de la famille Sinneave<\/p>\n\n\n\n<div style=\"height:0px\" aria-hidden=\"true\" class=\"wp-block-spacer wp-container-content-fdc43b14\"><\/div>\n\n\n\n<div class=\"wp-block-buttons is-layout-flex wp-block-buttons-is-layout-flex\">\n<div class=\"wp-block-button is-style-outline tertiary-button is-style-outline--4\"><a class=\"wp-block-button__link has-base-color has-primary-blue-background-color has-text-color has-background has-link-color has-border-color has-tertiary-green-border-color wp-element-button\" href=\"https:\/\/sinneavefoundation.org\/\" style=\"border-radius:50px\" target=\"_blank\" rel=\"noreferrer noopener\">Acc\u00e9der \u00e0 la ressource<\/a><\/div>\n<\/div>\n<\/div>\n\n\n\n<div class=\"wp-block-group has-base-color has-primary-blue-background-color has-text-color has-background wp-container-content-432d1f4f is-vertical is-content-justification-center is-layout-flex wp-container-core-group-is-layout-a8869cf5 wp-block-group-is-layout-flex\" style=\"border-radius:10px;min-height:250px;padding-top:var(--wp--preset--spacing--md);padding-right:var(--wp--preset--spacing--md);padding-bottom:var(--wp--preset--spacing--md);padding-left:var(--wp--preset--spacing--md)\">\n<p class=\"has-text-align-center has-base-color has-text-color has-link-color wp-elements-a28d92ab6e4299a77f17ddc6a1815d0d\" style=\"font-size:clamp(17.905px, 1.119rem + ((1vw - 3.2px) * 0.789), 28px);\">Annonce du lancement du R\u00e9seau national de l\u2019autisme<\/p>\n\n\n\n<div style=\"height:0px\" aria-hidden=\"true\" class=\"wp-block-spacer wp-container-content-fdc43b14\"><\/div>\n\n\n\n<div class=\"wp-block-buttons is-layout-flex wp-block-buttons-is-layout-flex\">\n<div class=\"wp-block-button is-style-outline tertiary-button is-style-outline--5\"><a class=\"wp-block-button__link has-base-color has-primary-blue-background-color has-text-color has-background has-link-color has-border-color has-tertiary-green-border-color wp-element-button\" href=\"https:\/\/www.canada.ca\/fr\/sante-publique\/nouvelles\/2025\/03\/le-gouvernement-du-canada-annonce-lorganisme-qui-aura-pour-mandat-de-mettre-sur-pied-et-de-diriger-le-reseau-national-de-lautisme.html\" style=\"border-radius:50px\" target=\"_blank\" rel=\"noreferrer noopener\">Acc\u00e9der \u00e0 la ressource<\/a><\/div>\n<\/div>\n<\/div>\n<\/div>","protected":false},"excerpt":{"rendered":"<p>Resources Explore a collection of helpful resources about autism policy, research, and community efforts.\u00a0 You\u2019ll find links to important partners like the Autism Alliance of Canada and the Sinneave Family [&hellip;]<\/p>\n","protected":false},"author":1,"featured_media":0,"parent":0,"menu_order":0,"comment_status":"closed","ping_status":"closed","template":"","meta":{"_price":"","_stock":"","_tribe_ticket_header":"","_tribe_default_ticket_provider":"","_tribe_ticket_capacity":"0","_ticket_start_date":"","_ticket_end_date":"","_tribe_ticket_show_description":"","_tribe_ticket_show_not_going":false,"_tribe_ticket_use_global_stock":"","_tribe_ticket_global_stock_level":"","_global_stock_mode":"","_global_stock_cap":"","_tribe_rsvp_for_event":"","_tribe_ticket_going_count":"","_tribe_ticket_not_going_count":"","_tribe_tickets_list":"[]","_tribe_ticket_has_attendee_info_fields":false,"_EventAllDay":false,"_EventTimezone":"","_EventStartDate":"","_EventEndDate":"","_EventStartDateUTC":"","_EventEndDateUTC":"","_EventShowMap":false,"_EventShowMapLink":false,"_EventURL":"","_EventCost":"","_EventCostDescription":"","_EventCurrencySymbol":"","_EventCurrencyCode":"","_EventCurrencyPosition":"","_EventDateTimeSeparator":"","_EventTimeRangeSeparator":"","_EventOrganizerID":[],"_EventVenueID":[],"_OrganizerEmail":"","_OrganizerPhone":"","_OrganizerWebsite":"","_VenueAddress":"","_VenueCity":"","_VenueCountry":"","_VenueProvince":"","_VenueState":"","_VenueZip":"","_VenuePhone":"","_VenueURL":"","_VenueStateProvince":"","_VenueLat":"","_VenueLng":"","_VenueShowMap":false,"_VenueShowMapLink":false,"_tribe_blocks_recurrence_rules":"","_tribe_blocks_recurrence_description":"","_tribe_blocks_recurrence_exclusions":"","footnotes":"","_tec_slr_enabled":"","_tec_slr_layout":""},"class_list":["post-76","page","type-page","status-publish","hentry"],"yoast_head":"<!-- This site is optimized with the Yoast SEO plugin v27.4 - https:\/\/yoast.com\/product\/yoast-seo-wordpress\/ -->\n<title>Resources - National Autism Network<\/title>\n<meta name=\"robots\" content=\"index, follow, max-snippet:-1, max-image-preview:large, max-video-preview:-1\" \/>\n<link rel=\"canonical\" href=\"https:\/\/nan-rna.ca\/fr\/resources\/\" \/>\n<meta property=\"og:locale\" content=\"fr_CA\" \/>\n<meta property=\"og:type\" content=\"article\" \/>\n<meta property=\"og:title\" content=\"Resources - National Autism Network\" \/>\n<meta property=\"og:description\" content=\"Resources Explore a collection of helpful resources about autism policy, research, and community efforts.\u00a0 You\u2019ll find links to important partners like the Autism Alliance of Canada and the Sinneave Family [&hellip;]\" \/>\n<meta property=\"og:url\" content=\"https:\/\/nan-rna.ca\/fr\/resources\/\" \/>\n<meta property=\"og:site_name\" content=\"National Autism Network\" \/>\n<meta property=\"article:modified_time\" content=\"2025-07-03T05:11:28+00:00\" \/>\n<meta name=\"twitter:card\" content=\"summary_large_image\" \/>\n<meta name=\"twitter:label1\" content=\"Estimation du temps de lecture\" \/>\n\t<meta name=\"twitter:data1\" content=\"1 minute\" \/>\n<script type=\"application\/ld+json\" class=\"yoast-schema-graph\">{\"@context\":\"https:\\\/\\\/schema.org\",\"@graph\":[{\"@type\":\"WebPage\",\"@id\":\"https:\\\/\\\/nan-rna.ca\\\/resources\\\/\",\"url\":\"https:\\\/\\\/nan-rna.ca\\\/resources\\\/\",\"name\":\"Resources - National Autism Network\",\"isPartOf\":{\"@id\":\"https:\\\/\\\/nan-rna.ca\\\/#website\"},\"datePublished\":\"2025-05-23T21:00:18+00:00\",\"dateModified\":\"2025-07-03T05:11:28+00:00\",\"breadcrumb\":{\"@id\":\"https:\\\/\\\/nan-rna.ca\\\/resources\\\/#breadcrumb\"},\"inLanguage\":\"fr-CA\",\"potentialAction\":[{\"@type\":\"ReadAction\",\"target\":[\"https:\\\/\\\/nan-rna.ca\\\/resources\\\/\"]}]},{\"@type\":\"BreadcrumbList\",\"@id\":\"https:\\\/\\\/nan-rna.ca\\\/resources\\\/#breadcrumb\",\"itemListElement\":[{\"@type\":\"ListItem\",\"position\":1,\"name\":\"Home\",\"item\":\"https:\\\/\\\/nan-rna.ca\\\/\"},{\"@type\":\"ListItem\",\"position\":2,\"name\":\"Resources\"}]},{\"@type\":\"WebSite\",\"@id\":\"https:\\\/\\\/nan-rna.ca\\\/#website\",\"url\":\"https:\\\/\\\/nan-rna.ca\\\/\",\"name\":\"National Autism Network\",\"description\":\"Centering Autistic People, Families, and Community to Shape the Future.\",\"publisher\":{\"@id\":\"https:\\\/\\\/nan-rna.ca\\\/#organization\"},\"potentialAction\":[{\"@type\":\"SearchAction\",\"target\":{\"@type\":\"EntryPoint\",\"urlTemplate\":\"https:\\\/\\\/nan-rna.ca\\\/?s={search_term_string}\"},\"query-input\":{\"@type\":\"PropertyValueSpecification\",\"valueRequired\":true,\"valueName\":\"search_term_string\"}}],\"inLanguage\":\"fr-CA\"},{\"@type\":\"Organization\",\"@id\":\"https:\\\/\\\/nan-rna.ca\\\/#organization\",\"name\":\"National Autism Network\",\"url\":\"https:\\\/\\\/nan-rna.ca\\\/\",\"logo\":{\"@type\":\"ImageObject\",\"inLanguage\":\"fr-CA\",\"@id\":\"https:\\\/\\\/nan-rna.ca\\\/#\\\/schema\\\/logo\\\/image\\\/\",\"url\":\"https:\\\/\\\/nan-rna.ca\\\/wp-content\\\/uploads\\\/2025\\\/05\\\/The-Network-logo-1080x300-1.png\",\"contentUrl\":\"https:\\\/\\\/nan-rna.ca\\\/wp-content\\\/uploads\\\/2025\\\/05\\\/The-Network-logo-1080x300-1.png\",\"width\":2160,\"height\":600,\"caption\":\"National Autism Network\"},\"image\":{\"@id\":\"https:\\\/\\\/nan-rna.ca\\\/#\\\/schema\\\/logo\\\/image\\\/\"}}]}<\/script>\n<!-- \/ Yoast SEO plugin. -->","yoast_head_json":{"title":"Resources - National Autism Network","robots":{"index":"index","follow":"follow","max-snippet":"max-snippet:-1","max-image-preview":"max-image-preview:large","max-video-preview":"max-video-preview:-1"},"canonical":"https:\/\/nan-rna.ca\/fr\/resources\/","og_locale":"fr_CA","og_type":"article","og_title":"Resources - National Autism Network","og_description":"Resources Explore a collection of helpful resources about autism policy, research, and community efforts.\u00a0 You\u2019ll find links to important partners like the Autism Alliance of Canada and the Sinneave Family [&hellip;]","og_url":"https:\/\/nan-rna.ca\/fr\/resources\/","og_site_name":"National Autism Network","article_modified_time":"2025-07-03T05:11:28+00:00","twitter_card":"summary_large_image","twitter_misc":{"Estimation du temps de lecture":"1 minute"},"schema":{"@context":"https:\/\/schema.org","@graph":[{"@type":"WebPage","@id":"https:\/\/nan-rna.ca\/resources\/","url":"https:\/\/nan-rna.ca\/resources\/","name":"Resources - National Autism Network","isPartOf":{"@id":"https:\/\/nan-rna.ca\/#website"},"datePublished":"2025-05-23T21:00:18+00:00","dateModified":"2025-07-03T05:11:28+00:00","breadcrumb":{"@id":"https:\/\/nan-rna.ca\/resources\/#breadcrumb"},"inLanguage":"fr-CA","potentialAction":[{"@type":"ReadAction","target":["https:\/\/nan-rna.ca\/resources\/"]}]},{"@type":"BreadcrumbList","@id":"https:\/\/nan-rna.ca\/resources\/#breadcrumb","itemListElement":[{"@type":"ListItem","position":1,"name":"Home","item":"https:\/\/nan-rna.ca\/"},{"@type":"ListItem","position":2,"name":"Resources"}]},{"@type":"WebSite","@id":"https:\/\/nan-rna.ca\/#website","url":"https:\/\/nan-rna.ca\/","name":"R\u00e9seau national de l&#039;autisme","description":"Placer les personnes autistes, les familles et la communaut\u00e9 au coeur de l\u2019avenir.","publisher":{"@id":"https:\/\/nan-rna.ca\/#organization"},"potentialAction":[{"@type":"SearchAction","target":{"@type":"EntryPoint","urlTemplate":"https:\/\/nan-rna.ca\/?s={search_term_string}"},"query-input":{"@type":"PropertyValueSpecification","valueRequired":true,"valueName":"search_term_string"}}],"inLanguage":"fr-CA"},{"@type":"Organization","@id":"https:\/\/nan-rna.ca\/#organization","name":"R\u00e9seau national de l&#039;autisme","url":"https:\/\/nan-rna.ca\/","logo":{"@type":"ImageObject","inLanguage":"fr-CA","@id":"https:\/\/nan-rna.ca\/#\/schema\/logo\/image\/","url":"https:\/\/nan-rna.ca\/wp-content\/uploads\/2025\/05\/The-Network-logo-1080x300-1.png","contentUrl":"https:\/\/nan-rna.ca\/wp-content\/uploads\/2025\/05\/The-Network-logo-1080x300-1.png","width":2160,"height":600,"caption":"National Autism Network"},"image":{"@id":"https:\/\/nan-rna.ca\/#\/schema\/logo\/image\/"}}]}},"ticketed":false,"_links":{"self":[{"href":"https:\/\/nan-rna.ca\/fr\/wp-json\/wp\/v2\/pages\/76","targetHints":{"allow":["GET"]}}],"collection":[{"href":"https:\/\/nan-rna.ca\/fr\/wp-json\/wp\/v2\/pages"}],"about":[{"href":"https:\/\/nan-rna.ca\/fr\/wp-json\/wp\/v2\/types\/page"}],"author":[{"embeddable":true,"href":"https:\/\/nan-rna.ca\/fr\/wp-json\/wp\/v2\/users\/1"}],"replies":[{"embeddable":true,"href":"https:\/\/nan-rna.ca\/fr\/wp-json\/wp\/v2\/comments?post=76"}],"version-history":[{"count":45,"href":"https:\/\/nan-rna.ca\/fr\/wp-json\/wp\/v2\/pages\/76\/revisions"}],"predecessor-version":[{"id":1159,"href":"https:\/\/nan-rna.ca\/fr\/wp-json\/wp\/v2\/pages\/76\/revisions\/1159"}],"wp:attachment":[{"href":"https:\/\/nan-rna.ca\/fr\/wp-json\/wp\/v2\/media?parent=76"}],"curies":[{"name":"wp","href":"https:\/\/api.w.org\/{rel}","templated":true}]}}