{"id":2971,"date":"2025-10-15T11:22:18","date_gmt":"2025-10-15T15:22:18","guid":{"rendered":"https:\/\/nan-rna.ca\/?page_id=2971"},"modified":"2025-10-30T12:57:13","modified_gmt":"2025-10-30T16:57:13","slug":"annual-general-meeting-2025","status":"publish","type":"page","link":"https:\/\/nan-rna.ca\/fr\/member-portal\/annual-general-meeting-2025\/","title":{"rendered":"Assembl\u00e9e g\u00e9n\u00e9rale annuelle (AGA)"},"content":{"rendered":"<div class=\"mp_wrapper\">\n  <div class=\"mepr-unauthorized-message\">\n    <p style=\"text-align: center\">You are unauthorized to view this page.<\/p>\n  <\/div>\n  <div class=\"mepr-login-form-wrap\">\n            \n<div class=\"mp_wrapper mp_login_form\">\n                  <!-- mp-login-form-start -->     <form name=\"mepr_loginform\" id=\"mepr_loginform\" class=\"mepr-form\" action=\"https:\/\/nan-rna.ca\/fr\/login\/\" method=\"post\">\n            <div class=\"mp-form-row mepr_username\">\n        <div class=\"mp-form-label\">\n                              <label for=\"user_login\">Nom d\u2019utilisateur<\/label>\n        <\/div>\n        <input type=\"text\" name=\"log\" id=\"user_login\" value=\"\" \/>\n      <\/div>\n      <div class=\"mp-form-row mepr_password\">\n        <div class=\"mp-form-label\">\n          <label for=\"user_pass\">Mot de passe<\/label>\n          <div class=\"mp-hide-pw\">\n            <input type=\"password\" name=\"pwd\" id=\"user_pass\" value=\"\" \/>\n            <button type=\"button\" class=\"button mp-hide-pw hide-if-no-js\" data-toggle=\"0\" aria-label=\"Show password\">\n              <span class=\"dashicons dashicons-visibility\" aria-hidden=\"true\"><\/span>\n            <\/button>\n          <\/div>\n        <\/div>\n      <\/div>\n            <div>\n        <label><input name=\"rememberme\" type=\"checkbox\" id=\"rememberme\" value=\"forever\" \/> Se souvenir de moi<\/label>\n      <\/div>\n      <div class=\"mp-spacer\">&nbsp;<\/div>\n      <div class=\"submit\">\n        <input type=\"submit\" name=\"wp-submit\" id=\"wp-submit\" class=\"button-primary mepr-share-button\" value=\"Se Connecter\" \/>\n        <input type=\"hidden\" name=\"redirect_to\" value=\"\/fr\/wp-json\/wp\/v2\/pages\/2971\" \/>\n        <input type=\"hidden\" name=\"mepr_process_login_form\" value=\"true\" \/>\n        <input type=\"hidden\" name=\"mepr_is_login_page\" value=\"false\" \/>\n      <\/div>\n    <\/form>\n    <div class=\"mp-spacer\">&nbsp;<\/div>\n    <div class=\"mepr-login-actions\">\n        <a\n          href=\"https:\/\/nan-rna.ca\/fr\/login\/?action=forgot_password\"\n          title=\"Click here to reset your password\"\n        >\n          Mot de passe oubli\u00e9 ?        <\/a>\n    <\/div>\n\n      \n    <!-- mp-login-form-end --> \n  <\/div>\n      <\/div>\n<\/div>","protected":false},"excerpt":{"rendered":"<p>You are unauthorized to view this page.<\/p>","protected":false},"author":1,"featured_media":0,"parent":1528,"menu_order":0,"comment_status":"closed","ping_status":"closed","template":"dashboards","meta":{"_price":"","_stock":"","_tribe_ticket_header":"","_tribe_default_ticket_provider":"","_tribe_ticket_capacity":"0","_ticket_start_date":"","_ticket_end_date":"","_tribe_ticket_show_description":"","_tribe_ticket_show_not_going":false,"_tribe_ticket_use_global_stock":"","_tribe_ticket_global_stock_level":"","_global_stock_mode":"","_global_stock_cap":"","_tribe_rsvp_for_event":"","_tribe_ticket_going_count":"","_tribe_ticket_not_going_count":"","_tribe_tickets_list":"[]","_tribe_ticket_has_attendee_info_fields":false,"_EventAllDay":false,"_EventTimezone":"","_EventStartDate":"","_EventEndDate":"","_EventStartDateUTC":"","_EventEndDateUTC":"","_EventShowMap":false,"_EventShowMapLink":false,"_EventURL":"","_EventCost":"","_EventCostDescription":"","_EventCurrencySymbol":"","_EventCurrencyCode":"","_EventCurrencyPosition":"","_EventDateTimeSeparator":"","_EventTimeRangeSeparator":"","_EventOrganizerID":[],"_EventVenueID":[],"_OrganizerEmail":"","_OrganizerPhone":"","_OrganizerWebsite":"","_VenueAddress":"","_VenueCity":"","_VenueCountry":"","_VenueProvince":"","_VenueState":"","_VenueZip":"","_VenuePhone":"","_VenueURL":"","_VenueStateProvince":"","_VenueLat":"","_VenueLng":"","_VenueShowMap":false,"_VenueShowMapLink":false,"_tribe_blocks_recurrence_rules":"","_tribe_blocks_recurrence_description":"","_tribe_blocks_recurrence_exclusions":"","footnotes":"","_tec_slr_enabled":"","_tec_slr_layout":""},"class_list":["post-2971","page","type-page","status-publish","hentry"],"yoast_head":"<!-- This site is optimized with the Yoast SEO plugin v27.3 - https:\/\/yoast.com\/product\/yoast-seo-wordpress\/ -->\n<title>Annual General Meeting (AGM) - National Autism Network<\/title>\n<meta name=\"robots\" content=\"index, follow, max-snippet:-1, max-image-preview:large, max-video-preview:-1\" \/>\n<link rel=\"canonical\" href=\"https:\/\/nan-rna.ca\/fr\/member-portal\/annual-general-meeting-2025\/\" \/>\n<meta property=\"og:locale\" content=\"fr_CA\" \/>\n<meta property=\"og:type\" content=\"article\" \/>\n<meta property=\"og:title\" content=\"Annual General Meeting (AGM) - National Autism Network\" \/>\n<meta property=\"og:description\" content=\"You are unauthorized to view this page.\" \/>\n<meta property=\"og:url\" content=\"https:\/\/nan-rna.ca\/fr\/member-portal\/annual-general-meeting-2025\/\" \/>\n<meta property=\"og:site_name\" content=\"National Autism Network\" \/>\n<meta property=\"article:modified_time\" content=\"2025-10-30T16:57:13+00:00\" \/>\n<meta name=\"twitter:card\" content=\"summary_large_image\" \/>\n<meta name=\"twitter:label1\" content=\"Estimation du temps de lecture\" \/>\n\t<meta name=\"twitter:data1\" content=\"1 minute\" \/>\n<script type=\"application\/ld+json\" class=\"yoast-schema-graph\">{\"@context\":\"https:\\\/\\\/schema.org\",\"@graph\":[{\"@type\":\"WebPage\",\"@id\":\"https:\\\/\\\/nan-rna.ca\\\/member-portal\\\/annual-general-meeting-2025\\\/\",\"url\":\"https:\\\/\\\/nan-rna.ca\\\/member-portal\\\/annual-general-meeting-2025\\\/\",\"name\":\"Annual General Meeting (AGM) - National Autism Network\",\"isPartOf\":{\"@id\":\"https:\\\/\\\/nan-rna.ca\\\/#website\"},\"datePublished\":\"2025-10-15T15:22:18+00:00\",\"dateModified\":\"2025-10-30T16:57:13+00:00\",\"breadcrumb\":{\"@id\":\"https:\\\/\\\/nan-rna.ca\\\/member-portal\\\/annual-general-meeting-2025\\\/#breadcrumb\"},\"inLanguage\":\"fr-CA\",\"potentialAction\":[{\"@type\":\"ReadAction\",\"target\":[\"https:\\\/\\\/nan-rna.ca\\\/member-portal\\\/annual-general-meeting-2025\\\/\"]}]},{\"@type\":\"BreadcrumbList\",\"@id\":\"https:\\\/\\\/nan-rna.ca\\\/member-portal\\\/annual-general-meeting-2025\\\/#breadcrumb\",\"itemListElement\":[{\"@type\":\"ListItem\",\"position\":1,\"name\":\"Home\",\"item\":\"https:\\\/\\\/nan-rna.ca\\\/\"},{\"@type\":\"ListItem\",\"position\":2,\"name\":\"Member Portal\",\"item\":\"https:\\\/\\\/nan-rna.ca\\\/member-portal\\\/\"},{\"@type\":\"ListItem\",\"position\":3,\"name\":\"Annual General Meeting (AGM)\"}]},{\"@type\":\"WebSite\",\"@id\":\"https:\\\/\\\/nan-rna.ca\\\/#website\",\"url\":\"https:\\\/\\\/nan-rna.ca\\\/\",\"name\":\"National Autism Network\",\"description\":\"Centering Autistic People, Families, and Community to Shape the Future.\",\"publisher\":{\"@id\":\"https:\\\/\\\/nan-rna.ca\\\/#organization\"},\"potentialAction\":[{\"@type\":\"SearchAction\",\"target\":{\"@type\":\"EntryPoint\",\"urlTemplate\":\"https:\\\/\\\/nan-rna.ca\\\/?s={search_term_string}\"},\"query-input\":{\"@type\":\"PropertyValueSpecification\",\"valueRequired\":true,\"valueName\":\"search_term_string\"}}],\"inLanguage\":\"fr-CA\"},{\"@type\":\"Organization\",\"@id\":\"https:\\\/\\\/nan-rna.ca\\\/#organization\",\"name\":\"National Autism Network\",\"url\":\"https:\\\/\\\/nan-rna.ca\\\/\",\"logo\":{\"@type\":\"ImageObject\",\"inLanguage\":\"fr-CA\",\"@id\":\"https:\\\/\\\/nan-rna.ca\\\/#\\\/schema\\\/logo\\\/image\\\/\",\"url\":\"https:\\\/\\\/nan-rna.ca\\\/wp-content\\\/uploads\\\/2025\\\/05\\\/The-Network-logo-1080x300-1.png\",\"contentUrl\":\"https:\\\/\\\/nan-rna.ca\\\/wp-content\\\/uploads\\\/2025\\\/05\\\/The-Network-logo-1080x300-1.png\",\"width\":2160,\"height\":600,\"caption\":\"National Autism Network\"},\"image\":{\"@id\":\"https:\\\/\\\/nan-rna.ca\\\/#\\\/schema\\\/logo\\\/image\\\/\"}}]}<\/script>\n<!-- \/ Yoast SEO plugin. -->","yoast_head_json":{"title":"Annual General Meeting (AGM) - National Autism Network","robots":{"index":"index","follow":"follow","max-snippet":"max-snippet:-1","max-image-preview":"max-image-preview:large","max-video-preview":"max-video-preview:-1"},"canonical":"https:\/\/nan-rna.ca\/fr\/member-portal\/annual-general-meeting-2025\/","og_locale":"fr_CA","og_type":"article","og_title":"Annual General Meeting (AGM) - National Autism Network","og_description":"You are unauthorized to view this page.","og_url":"https:\/\/nan-rna.ca\/fr\/member-portal\/annual-general-meeting-2025\/","og_site_name":"National Autism Network","article_modified_time":"2025-10-30T16:57:13+00:00","twitter_card":"summary_large_image","twitter_misc":{"Estimation du temps de lecture":"1 minute"},"schema":{"@context":"https:\/\/schema.org","@graph":[{"@type":"WebPage","@id":"https:\/\/nan-rna.ca\/member-portal\/annual-general-meeting-2025\/","url":"https:\/\/nan-rna.ca\/member-portal\/annual-general-meeting-2025\/","name":"Annual General Meeting (AGM) - National Autism Network","isPartOf":{"@id":"https:\/\/nan-rna.ca\/#website"},"datePublished":"2025-10-15T15:22:18+00:00","dateModified":"2025-10-30T16:57:13+00:00","breadcrumb":{"@id":"https:\/\/nan-rna.ca\/member-portal\/annual-general-meeting-2025\/#breadcrumb"},"inLanguage":"fr-CA","potentialAction":[{"@type":"ReadAction","target":["https:\/\/nan-rna.ca\/member-portal\/annual-general-meeting-2025\/"]}]},{"@type":"BreadcrumbList","@id":"https:\/\/nan-rna.ca\/member-portal\/annual-general-meeting-2025\/#breadcrumb","itemListElement":[{"@type":"ListItem","position":1,"name":"Home","item":"https:\/\/nan-rna.ca\/"},{"@type":"ListItem","position":2,"name":"Member Portal","item":"https:\/\/nan-rna.ca\/member-portal\/"},{"@type":"ListItem","position":3,"name":"Annual General Meeting (AGM)"}]},{"@type":"WebSite","@id":"https:\/\/nan-rna.ca\/#website","url":"https:\/\/nan-rna.ca\/","name":"R\u00e9seau national de l&#039;autisme","description":"Placer les personnes autistes, les familles et la communaut\u00e9 au coeur de l\u2019avenir.","publisher":{"@id":"https:\/\/nan-rna.ca\/#organization"},"potentialAction":[{"@type":"SearchAction","target":{"@type":"EntryPoint","urlTemplate":"https:\/\/nan-rna.ca\/?s={search_term_string}"},"query-input":{"@type":"PropertyValueSpecification","valueRequired":true,"valueName":"search_term_string"}}],"inLanguage":"fr-CA"},{"@type":"Organization","@id":"https:\/\/nan-rna.ca\/#organization","name":"R\u00e9seau national de l&#039;autisme","url":"https:\/\/nan-rna.ca\/","logo":{"@type":"ImageObject","inLanguage":"fr-CA","@id":"https:\/\/nan-rna.ca\/#\/schema\/logo\/image\/","url":"https:\/\/nan-rna.ca\/wp-content\/uploads\/2025\/05\/The-Network-logo-1080x300-1.png","contentUrl":"https:\/\/nan-rna.ca\/wp-content\/uploads\/2025\/05\/The-Network-logo-1080x300-1.png","width":2160,"height":600,"caption":"National Autism Network"},"image":{"@id":"https:\/\/nan-rna.ca\/#\/schema\/logo\/image\/"}}]}},"ticketed":false,"_links":{"self":[{"href":"https:\/\/nan-rna.ca\/fr\/wp-json\/wp\/v2\/pages\/2971","targetHints":{"allow":["GET"]}}],"collection":[{"href":"https:\/\/nan-rna.ca\/fr\/wp-json\/wp\/v2\/pages"}],"about":[{"href":"https:\/\/nan-rna.ca\/fr\/wp-json\/wp\/v2\/types\/page"}],"author":[{"embeddable":true,"href":"https:\/\/nan-rna.ca\/fr\/wp-json\/wp\/v2\/users\/1"}],"replies":[{"embeddable":true,"href":"https:\/\/nan-rna.ca\/fr\/wp-json\/wp\/v2\/comments?post=2971"}],"version-history":[{"count":179,"href":"https:\/\/nan-rna.ca\/fr\/wp-json\/wp\/v2\/pages\/2971\/revisions"}],"predecessor-version":[{"id":3375,"href":"https:\/\/nan-rna.ca\/fr\/wp-json\/wp\/v2\/pages\/2971\/revisions\/3375"}],"up":[{"embeddable":true,"href":"https:\/\/nan-rna.ca\/fr\/wp-json\/wp\/v2\/pages\/1528"}],"wp:attachment":[{"href":"https:\/\/nan-rna.ca\/fr\/wp-json\/wp\/v2\/media?parent=2971"}],"curies":[{"name":"wp","href":"https:\/\/api.w.org\/{rel}","templated":true}]}}