{"id":1583,"date":"2025-07-28T02:41:34","date_gmt":"2025-07-28T06:41:34","guid":{"rendered":"http:\/\/ec2-3-96-176-124.ca-central-1.compute.amazonaws.com\/?page_id=1583"},"modified":"2025-11-06T11:53:24","modified_gmt":"2025-11-06T16:53:24","slug":"board-of-directors-dashboard","status":"publish","type":"page","link":"https:\/\/nan-rna.ca\/fr\/board-of-directors-dashboard\/","title":{"rendered":"Board Of Directors Dashboard"},"content":{"rendered":"<div class=\"wp-block-group has-custom-background-blue-background-color has-background has-global-padding is-layout-constrained wp-container-core-group-is-layout-46033a31 wp-block-group-is-layout-constrained\" style=\"padding-top:0;padding-right:var(--wp--preset--spacing--sm);padding-bottom:var(--wp--preset--spacing--sm);padding-left:var(--wp--preset--spacing--sm)\">\n<div class=\"wp-block-group flex-justify-stretch is-vertical is-content-justification-stretch is-layout-flex wp-container-core-group-is-layout-777a2815 wp-block-group-is-layout-flex\">\n<div style=\"height:0px\" aria-hidden=\"true\" class=\"wp-block-spacer wp-container-content-c0740251\"><\/div>\n\n\n\n<div class=\"wp-block-columns columns-grow wp-container-content-1559d078 is-layout-flex wp-container-core-columns-is-layout-7adb42ae wp-block-columns-is-layout-flex\">\n<div class=\"wp-block-column has-global-padding is-layout-constrained wp-container-core-column-is-layout-6d761cbc wp-block-column-is-layout-constrained\" style=\"padding-top:var(--wp--preset--spacing--xs);padding-right:var(--wp--preset--spacing--xs);padding-bottom:var(--wp--preset--spacing--xs);padding-left:var(--wp--preset--spacing--xs)\">\n<div class=\"wp-block-group has-global-padding is-layout-constrained wp-container-core-group-is-layout-19e250f3 wp-block-group-is-layout-constrained\">\n<p class=\"has-contrast-color has-text-color has-link-color has-montserrat-font-family wp-elements-241bf4c14379ffe0e9cc54c99d851cab\" style=\"font-size:clamp(17.905px, 1.119rem + ((1vw - 3.2px) * 0.789), 28px);font-style:normal;font-weight:700\"><strong>Bonjour, <span><\/span><\/strong><\/p>\n\n\n\n<p class=\"has-contrast-color has-text-color has-link-color has-montserrat-font-family wp-elements-5d798da71d699514497be18ad26476ee\" style=\"font-size:clamp(15.747px, 0.984rem + ((1vw - 3.2px) * 0.645), 24px);font-style:normal;font-weight:600\"><strong>Welcome to your Board of Directors Portal<\/strong><\/p>\n<\/div>\n\n\n\n<p style=\"font-size:clamp(14px, 0.875rem + ((1vw - 3.2px) * 0.313), 18px);\">C\u2019est un espace o\u00f9 vous pouvez :<\/p>\n\n\n\n<ul style=\"line-height:1.3\" class=\"wp-block-list\">\n<li style=\"padding-bottom:var(--wp--preset--spacing--xxs);font-size:clamp(14px, 0.875rem + ((1vw - 3.2px) * 0.313), 18px);\">Lire les rapports de notre conseil d\u2019administration<\/li>\n\n\n\n<li style=\"padding-bottom:var(--wp--preset--spacing--xxs);font-size:clamp(14px, 0.875rem + ((1vw - 3.2px) * 0.313), 18px);\">D\u00e9couvrir sur quoi le R\u00e9seau travaille<\/li>\n\n\n\n<li style=\"padding-bottom:var(--wp--preset--spacing--xxs);font-size:clamp(14px, 0.875rem + ((1vw - 3.2px) * 0.313), 18px);\">D\u00e9couvrir les prochaines s\u00e9ances de mobilisation<\/li>\n\n\n\n<li style=\"padding-bottom:var(--wp--preset--spacing--xxs);font-size:clamp(14px, 0.875rem + ((1vw - 3.2px) * 0.313), 18px);\">Lire les rapports que nous partageons avec les gouvernements partout au Canada<\/li>\n<\/ul>\n\n\n\n<p style=\"font-size:clamp(14px, 0.875rem + ((1vw - 3.2px) * 0.313), 18px);\"><strong>Nous sommes heureux que vous soyez parmi nous ! Merci encore de faire partie du R\u00e9seau.<\/strong><\/p>\n<\/div>\n\n\n\n<div class=\"wp-block-column tile has-base-background-color has-background has-global-padding is-layout-constrained wp-container-core-column-is-layout-88c6b9e1 wp-block-column-is-layout-constrained\" style=\"padding-top:var(--wp--preset--spacing--sm);padding-right:var(--wp--preset--spacing--sm);padding-bottom:var(--wp--preset--spacing--sm);padding-left:var(--wp--preset--spacing--sm)\">\n<div class=\"wp-block-group is-content-justification-space-between is-nowrap is-layout-flex wp-container-core-group-is-layout-cb46ffcb wp-block-group-is-layout-flex\">\n<h2 class=\"wp-block-heading has-medium-large-font-size\">Renseignements sur l\u2019assembl\u00e9e g\u00e9n\u00e9rale annuelle<\/h2>\n<\/div>\n\n\n\n<div class=\"wp-block-group is-nowrap is-layout-flex wp-container-core-group-is-layout-01a74b51 wp-block-group-is-layout-flex\" style=\"border-bottom-color:var(--wp--preset--color--custom-bg-grey);padding-top:var(--wp--preset--spacing--xxs);padding-bottom:var(--wp--preset--spacing--xxs)\">\n<div class=\"wp-block-group has-custom-bg-grey-background-color has-background wp-container-content-962be591 has-global-padding is-layout-constrained wp-container-core-group-is-layout-ce36c544 wp-block-group-is-layout-constrained\" style=\"border-radius:0.75rem;padding-top:var(--wp--preset--spacing--xs);padding-right:var(--wp--preset--spacing--xxs);padding-bottom:var(--wp--preset--spacing--xs);padding-left:var(--wp--preset--spacing--xxs)\">\n<p class=\"has-text-align-center nowrap has-primary-blue-color has-text-color has-link-color wp-elements-c5d43d2b1b483100a3360de22b25081a\" style=\"padding-top:0;padding-right:var(--wp--preset--spacing--xxs);padding-bottom:0;padding-left:var(--wp--preset--spacing--xxs);font-size:14px;font-style:normal;font-weight:500;line-height:1\"><strong>DOCX<\/strong><\/p>\n<\/div>\n\n\n\n<p class=\"has-primary-blue-color has-text-color has-link-color wp-elements-83f7eff3c380bc47e5ec0714f956e5b0\" style=\"font-size:clamp(14px, 0.875rem + ((1vw - 3.2px) * 0.313), 18px);font-style:normal;font-weight:700\"><a href=\"https:\/\/nan-rna.ca\/wp-content\/uploads\/2025\/10\/AGM-Agenda-FR.docx\" target=\"_blank\" rel=\"noreferrer noopener\">Ordre du jour de l\u2019AGA<\/a><\/p>\n\n\n\n<div aria-hidden=\"true\" class=\"wp-block-spacer flex-grow wp-container-content-9cfa9a5a\"><\/div>\n\n\n\n<div class=\"wp-block-buttons is-content-justification-center is-layout-flex wp-container-core-buttons-is-layout-a89b3969 wp-block-buttons-is-layout-flex\">\n<div class=\"wp-block-button nowrap is-style-fill\"><a class=\"wp-block-button__link has-base-color has-primary-blue-background-color has-text-color has-background has-link-color wp-element-button\" href=\"https:\/\/nan-rna.ca\/wp-content\/uploads\/2025\/10\/AGM-Agenda-FR.docx\" style=\"padding-top:var(--wp--preset--spacing--xxs);padding-bottom:var(--wp--preset--spacing--xxs);font-style:normal;font-weight:600\" target=\"_blank\" rel=\"noreferrer noopener\">Ouvrir<\/a><\/div>\n<\/div>\n<\/div>\n\n\n\n<div class=\"wp-block-group is-nowrap is-layout-flex wp-container-core-group-is-layout-01a74b51 wp-block-group-is-layout-flex\" style=\"border-bottom-color:var(--wp--preset--color--custom-bg-grey);padding-top:var(--wp--preset--spacing--xxs);padding-bottom:var(--wp--preset--spacing--xxs)\">\n<div class=\"wp-block-group has-custom-bg-grey-background-color has-background wp-container-content-962be591 has-global-padding is-layout-constrained wp-container-core-group-is-layout-ce36c544 wp-block-group-is-layout-constrained\" style=\"border-radius:0.75rem;padding-top:var(--wp--preset--spacing--xs);padding-right:var(--wp--preset--spacing--xxs);padding-bottom:var(--wp--preset--spacing--xs);padding-left:var(--wp--preset--spacing--xxs)\">\n<p class=\"has-text-align-center nowrap has-primary-blue-color has-text-color has-link-color wp-elements-c5d43d2b1b483100a3360de22b25081a\" style=\"padding-top:0;padding-right:var(--wp--preset--spacing--xxs);padding-bottom:0;padding-left:var(--wp--preset--spacing--xxs);font-size:14px;font-style:normal;font-weight:500;line-height:1\"><strong>DOCX<\/strong><\/p>\n<\/div>\n\n\n\n<p class=\"has-primary-blue-color has-text-color has-link-color wp-elements-4fe13107615fb38f98b6b6f369a9c57c\" style=\"font-size:clamp(14px, 0.875rem + ((1vw - 3.2px) * 0.313), 18px);font-style:normal;font-weight:700\"><a href=\"https:\/\/nan-rna.ca\/wp-content\/uploads\/2025\/10\/Rapport-des-activites-de-demarrage.docx\" target=\"_blank\" rel=\"noreferrer noopener\">Rapport des activite\u0301s de de\u0301marrage<\/a><\/p>\n\n\n\n<div aria-hidden=\"true\" class=\"wp-block-spacer flex-grow wp-container-content-9cfa9a5a\"><\/div>\n\n\n\n<div class=\"wp-block-buttons is-content-justification-center is-layout-flex wp-container-core-buttons-is-layout-a89b3969 wp-block-buttons-is-layout-flex\">\n<div class=\"wp-block-button nowrap is-style-fill\"><a class=\"wp-block-button__link has-base-color has-primary-blue-background-color has-text-color has-background has-link-color wp-element-button\" href=\"https:\/\/nan-rna.ca\/wp-content\/uploads\/2025\/10\/Rapport-des-activites-de-demarrage.docx\" style=\"padding-top:var(--wp--preset--spacing--xxs);padding-bottom:var(--wp--preset--spacing--xxs);font-style:normal;font-weight:600\" target=\"_blank\" rel=\"noreferrer noopener\">Ouvrir<\/a><\/div>\n<\/div>\n<\/div>\n\n\n\n<div class=\"wp-block-group is-nowrap is-layout-flex wp-container-core-group-is-layout-01a74b51 wp-block-group-is-layout-flex\" style=\"border-bottom-color:var(--wp--preset--color--custom-bg-grey);padding-top:var(--wp--preset--spacing--xxs);padding-bottom:var(--wp--preset--spacing--xxs)\">\n<div class=\"wp-block-group has-custom-bg-grey-background-color has-background wp-container-content-962be591 has-global-padding is-layout-constrained wp-container-core-group-is-layout-ce36c544 wp-block-group-is-layout-constrained\" style=\"border-radius:0.75rem;padding-top:var(--wp--preset--spacing--xs);padding-right:var(--wp--preset--spacing--xxs);padding-bottom:var(--wp--preset--spacing--xs);padding-left:var(--wp--preset--spacing--xxs)\">\n<p class=\"has-text-align-center nowrap has-primary-blue-color has-text-color has-link-color wp-elements-c5d43d2b1b483100a3360de22b25081a\" style=\"padding-top:0;padding-right:var(--wp--preset--spacing--xxs);padding-bottom:0;padding-left:var(--wp--preset--spacing--xxs);font-size:14px;font-style:normal;font-weight:500;line-height:1\"><strong>DOCX<\/strong><\/p>\n<\/div>\n\n\n\n<p class=\"has-primary-blue-color has-text-color has-link-color wp-elements-b72fd51da9cab4ec1d9ae22f2d7d9da3\" style=\"font-size:clamp(14px, 0.875rem + ((1vw - 3.2px) * 0.313), 18px);font-style:normal;font-weight:700\"><a href=\"https:\/\/nan-rna.ca\/wp-content\/uploads\/2025\/10\/Rapport-de-la-directrice-generale.docx\" target=\"_blank\" rel=\"noreferrer noopener\">Rapport de la directrice ge\u0301ne\u0301rale<\/a><\/p>\n\n\n\n<div aria-hidden=\"true\" class=\"wp-block-spacer flex-grow wp-container-content-9cfa9a5a\"><\/div>\n\n\n\n<div class=\"wp-block-buttons is-content-justification-center is-layout-flex wp-container-core-buttons-is-layout-a89b3969 wp-block-buttons-is-layout-flex\">\n<div class=\"wp-block-button nowrap is-style-fill\"><a class=\"wp-block-button__link has-base-color has-primary-blue-background-color has-text-color has-background has-link-color wp-element-button\" href=\"https:\/\/nan-rna.ca\/wp-content\/uploads\/2025\/10\/Rapport-de-la-directrice-generale.docx\" style=\"padding-top:var(--wp--preset--spacing--xxs);padding-bottom:var(--wp--preset--spacing--xxs);font-style:normal;font-weight:600\" target=\"_blank\" rel=\"noreferrer noopener\">Ouvrir<\/a><\/div>\n<\/div>\n<\/div>\n<\/div>\n<\/div>\n\n\n\n<div class=\"wp-block-columns columns-grow wp-container-content-1559d078 is-layout-flex wp-container-core-columns-is-layout-9b75e156 wp-block-columns-is-layout-flex\">\n<div class=\"wp-block-column tile has-base-background-color has-background has-global-padding is-layout-constrained wp-container-core-column-is-layout-88c6b9e1 wp-block-column-is-layout-constrained\" style=\"padding-top:var(--wp--preset--spacing--sm);padding-right:var(--wp--preset--spacing--sm);padding-bottom:var(--wp--preset--spacing--sm);padding-left:var(--wp--preset--spacing--sm)\">\n<div class=\"wp-block-group is-content-justification-space-between is-nowrap is-layout-flex wp-container-core-group-is-layout-cb46ffcb wp-block-group-is-layout-flex\">\n<h2 class=\"wp-block-heading has-medium-large-font-size\">\u00c9v\u00e9nements<\/h2>\n\n\n\n<p class=\"has-primary-blue-color has-text-color has-link-color wp-elements-81da47413ba739d473978fefa14ace06\" style=\"font-size:clamp(14px, 0.875rem + ((1vw - 3.2px) * 0.156), 16px);text-decoration:underline\"><a href=\"https:\/\/nan-rna.ca\/fr\/member-portal\/my-events\/\" data-type=\"page\" data-id=\"1973\">Voir le calendrier<\/a><\/p>\n<\/div>\n\n\n<p>Vous n\u2019avez aucun \u00e9v\u00e9nement \u00e0 venir.<\/p>\n<\/div>\n\n\n\n<div class=\"wp-block-column tile has-base-background-color has-background has-global-padding is-layout-constrained wp-container-core-column-is-layout-88c6b9e1 wp-block-column-is-layout-constrained\" style=\"padding-top:var(--wp--preset--spacing--sm);padding-right:var(--wp--preset--spacing--sm);padding-bottom:var(--wp--preset--spacing--sm);padding-left:var(--wp--preset--spacing--sm)\">\n<div class=\"wp-block-group is-content-justification-space-between is-nowrap is-layout-flex wp-container-core-group-is-layout-cb46ffcb wp-block-group-is-layout-flex\">\n<h2 class=\"wp-block-heading has-medium-large-font-size\">Destin\u00e9s aux gouvernements<\/h2>\n\n\n\n<p class=\"has-primary-blue-color has-text-color has-link-color wp-elements-739d5075dd152faacd60bfec3a362568\" style=\"font-size:clamp(14px, 0.875rem + ((1vw - 3.2px) * 0.156), 16px);text-decoration:underline\"><a href=\"https:\/\/nan-rna.ca\/fr\/member-portal\/government-reports\/\" data-type=\"page\" data-id=\"1977\">Voir plus<\/a><\/p>\n<\/div>\n\n\n<p>Aucun document trouv\u00e9.<\/p>\n<\/div>\n<\/div>\n<\/div>\n<\/div>\n\n\n\n<div class=\"wp-block-columns is-layout-flex wp-container-core-columns-is-layout-768e3852 wp-block-columns-is-layout-flex\">\n<div class=\"wp-block-column is-vertically-aligned-stretch is-layout-flow wp-block-column-is-layout-flow\" style=\"flex-basis:33.33%\">\n<div class=\"wp-block-group is-vertical is-content-justification-stretch is-layout-flex wp-container-core-group-is-layout-03ea0e6e wp-block-group-is-layout-flex\" style=\"border-width:1px;border-radius:1rem\">\n<div class=\"wp-block-query is-layout-flow wp-block-query-is-layout-flow\"><ul class=\"wp-block-post-template is-layout-flow wp-block-post-template-is-layout-flow\"><li class=\"wp-block-post post-3710 page type-page status-publish hentry\">\n<h2 class=\"wp-block-post-title\">Committee Meetings<\/h2>\n\n<div class=\"wp-block-post-date\"><time datetime=\"2025-11-13T15:47:21-05:00\">novembre 13, 2025<\/time><\/div>\n<\/li><li class=\"wp-block-post post-2680 page type-page status-publish hentry\">\n<h2 class=\"wp-block-post-title\">General Information<\/h2>\n\n<div class=\"wp-block-post-date\"><time datetime=\"2025-09-15T12:13:21-04:00\">septembre 15, 2025<\/time><\/div>\n<\/li><li class=\"wp-block-post post-2666 page type-page status-publish hentry\">\n<h2 class=\"wp-block-post-title\">Board Meetings<\/h2>\n\n<div class=\"wp-block-post-date\"><time datetime=\"2025-09-15T11:59:42-04:00\">septembre 15, 2025<\/time><\/div>\n<\/li><li class=\"wp-block-post post-2651 page type-page status-publish hentry\">\n<h2 class=\"wp-block-post-title\">Corporate Information<\/h2>\n\n<div class=\"wp-block-post-date\"><time datetime=\"2025-09-15T11:35:06-04:00\">septembre 15, 2025<\/time><\/div>\n<\/li><li class=\"wp-block-post post-2095 page type-page status-publish hentry\">\n<h2 class=\"wp-block-post-title\">Organizational Reporting<\/h2>\n\n<div class=\"wp-block-post-date\"><time datetime=\"2025-08-07T04:00:39-04:00\">ao\u00fbt 7, 2025<\/time><\/div>\n<\/li><li class=\"wp-block-post post-1635 page type-page status-publish hentry\">\n<h2 class=\"wp-block-post-title\">Board Governance<\/h2>\n\n<div class=\"wp-block-post-date\"><time datetime=\"2025-07-28T03:59:19-04:00\">juillet 28, 2025<\/time><\/div>\n<\/li><\/ul>\n\n<\/div>\n<\/div>\n<\/div>\n\n\n\n<div class=\"wp-block-column is-layout-flow wp-block-column-is-layout-flow\" style=\"flex-basis:66.66%\">\n<div class=\"wp-block-group is-vertical is-content-justification-stretch is-layout-flex wp-container-core-group-is-layout-353c4f5a wp-block-group-is-layout-flex\" style=\"border-width:1px;border-radius:1rem\">\n<h2 class=\"wp-block-heading has-text-align-center has-base-color has-primary-green-background-color has-text-color has-background has-link-color wp-elements-d51f5b9542ae80d4efd1f6dea47f0b26\" style=\"border-top-left-radius:1rem;border-top-right-radius:1rem;padding-top:0;padding-right:0;padding-bottom:0;padding-left:0\">Announcements<\/h2>\n\n\n\n<div class=\"wp-block-query is-layout-flow wp-block-query-is-layout-flow\"><ul class=\"wp-block-post-template is-layout-flow wp-container-core-post-template-is-layout-ea1fff98 wp-block-post-template-is-layout-flow\"><li class=\"wp-block-post post-1577 post type-post status-publish format-standard hentry category-announcements\">\n\n<div class=\"wp-block-group is-nowrap is-layout-flex wp-container-core-group-is-layout-6d8f79ff wp-block-group-is-layout-flex\">\n<h2 class=\"wp-block-heading has-large-font-size\">\u2022<\/h2>\n\n\n\n<div class=\"wp-block-group has-global-padding is-layout-constrained wp-block-group-is-layout-constrained\"><h2 style=\"margin-top:0;margin-bottom:0;\" class=\"wp-block-post-title has-large-font-size\">I am an announcement!<\/h2>\n\n<div class=\"wp-block-post-date\"><time datetime=\"2025-07-24T04:08:25-04:00\">juillet 24, 2025<\/time><\/div><\/div>\n<\/div>\n\n<\/li><\/ul>\n\n<\/div>\n<\/div>\n<\/div>\n<\/div>","protected":false},"excerpt":{"rendered":"<p>Hello, Welcome to your Board of Directors Portal This is a place where you can: We\u2019re glad you\u2019re here! Thank you again for being a part of the Network. Annual [&hellip;]<\/p>\n","protected":false},"author":1,"featured_media":0,"parent":0,"menu_order":0,"comment_status":"closed","ping_status":"closed","template":"wp-custom-template-dashboard-board","meta":{"_price":"","_stock":"","_tribe_ticket_header":"","_tribe_default_ticket_provider":"","_tribe_ticket_capacity":"0","_ticket_start_date":"","_ticket_end_date":"","_tribe_ticket_show_description":"","_tribe_ticket_show_not_going":false,"_tribe_ticket_use_global_stock":"","_tribe_ticket_global_stock_level":"","_global_stock_mode":"","_global_stock_cap":"","_tribe_rsvp_for_event":"","_tribe_ticket_going_count":"","_tribe_ticket_not_going_count":"","_tribe_tickets_list":"[]","_tribe_ticket_has_attendee_info_fields":false,"_EventAllDay":false,"_EventTimezone":"","_EventStartDate":"","_EventEndDate":"","_EventStartDateUTC":"","_EventEndDateUTC":"","_EventShowMap":false,"_EventShowMapLink":false,"_EventURL":"","_EventCost":"","_EventCostDescription":"","_EventCurrencySymbol":"","_EventCurrencyCode":"","_EventCurrencyPosition":"","_EventDateTimeSeparator":"","_EventTimeRangeSeparator":"","_EventOrganizerID":[],"_EventVenueID":[],"_OrganizerEmail":"","_OrganizerPhone":"","_OrganizerWebsite":"","_VenueAddress":"","_VenueCity":"","_VenueCountry":"","_VenueProvince":"","_VenueState":"","_VenueZip":"","_VenuePhone":"","_VenueURL":"","_VenueStateProvince":"","_VenueLat":"","_VenueLng":"","_VenueShowMap":false,"_VenueShowMapLink":false,"_tribe_blocks_recurrence_rules":"","_tribe_blocks_recurrence_description":"","_tribe_blocks_recurrence_exclusions":"","footnotes":"","_tec_slr_enabled":"","_tec_slr_layout":""},"class_list":["post-1583","page","type-page","status-publish","hentry"],"yoast_head":"<!-- This site is optimized with the Yoast SEO plugin v27.4 - https:\/\/yoast.com\/product\/yoast-seo-wordpress\/ -->\n<title>Board Of Directors Dashboard - National Autism Network<\/title>\n<meta name=\"robots\" content=\"index, follow, max-snippet:-1, max-image-preview:large, max-video-preview:-1\" \/>\n<link rel=\"canonical\" href=\"https:\/\/nan-rna.ca\/fr\/board-of-directors-dashboard\/\" \/>\n<meta property=\"og:locale\" content=\"fr_CA\" \/>\n<meta property=\"og:type\" content=\"article\" \/>\n<meta property=\"og:title\" content=\"Board Of Directors Dashboard - National Autism Network\" \/>\n<meta property=\"og:description\" content=\"Hello, Welcome to your Board of Directors Portal This is a place where you can: We\u2019re glad you\u2019re here! Thank you again for being a part of the Network. Annual [&hellip;]\" \/>\n<meta property=\"og:url\" content=\"https:\/\/nan-rna.ca\/fr\/board-of-directors-dashboard\/\" \/>\n<meta property=\"og:site_name\" content=\"National Autism Network\" \/>\n<meta property=\"article:modified_time\" content=\"2025-11-06T16:53:24+00:00\" \/>\n<meta name=\"twitter:card\" content=\"summary_large_image\" \/>\n<meta name=\"twitter:label1\" content=\"Estimation du temps de lecture\" \/>\n\t<meta name=\"twitter:data1\" content=\"1 minute\" \/>\n<script type=\"application\/ld+json\" class=\"yoast-schema-graph\">{\"@context\":\"https:\\\/\\\/schema.org\",\"@graph\":[{\"@type\":\"WebPage\",\"@id\":\"https:\\\/\\\/nan-rna.ca\\\/board-of-directors-dashboard\\\/\",\"url\":\"https:\\\/\\\/nan-rna.ca\\\/board-of-directors-dashboard\\\/\",\"name\":\"Board Of Directors Dashboard - National Autism Network\",\"isPartOf\":{\"@id\":\"https:\\\/\\\/nan-rna.ca\\\/#website\"},\"datePublished\":\"2025-07-28T06:41:34+00:00\",\"dateModified\":\"2025-11-06T16:53:24+00:00\",\"breadcrumb\":{\"@id\":\"https:\\\/\\\/nan-rna.ca\\\/board-of-directors-dashboard\\\/#breadcrumb\"},\"inLanguage\":\"fr-CA\",\"potentialAction\":[{\"@type\":\"ReadAction\",\"target\":[\"https:\\\/\\\/nan-rna.ca\\\/board-of-directors-dashboard\\\/\"]}]},{\"@type\":\"BreadcrumbList\",\"@id\":\"https:\\\/\\\/nan-rna.ca\\\/board-of-directors-dashboard\\\/#breadcrumb\",\"itemListElement\":[{\"@type\":\"ListItem\",\"position\":1,\"name\":\"Home\",\"item\":\"https:\\\/\\\/nan-rna.ca\\\/\"},{\"@type\":\"ListItem\",\"position\":2,\"name\":\"Board Of Directors Dashboard\"}]},{\"@type\":\"WebSite\",\"@id\":\"https:\\\/\\\/nan-rna.ca\\\/#website\",\"url\":\"https:\\\/\\\/nan-rna.ca\\\/\",\"name\":\"National Autism Network\",\"description\":\"Centering Autistic People, Families, and Community to Shape the Future.\",\"publisher\":{\"@id\":\"https:\\\/\\\/nan-rna.ca\\\/#organization\"},\"potentialAction\":[{\"@type\":\"SearchAction\",\"target\":{\"@type\":\"EntryPoint\",\"urlTemplate\":\"https:\\\/\\\/nan-rna.ca\\\/?s={search_term_string}\"},\"query-input\":{\"@type\":\"PropertyValueSpecification\",\"valueRequired\":true,\"valueName\":\"search_term_string\"}}],\"inLanguage\":\"fr-CA\"},{\"@type\":\"Organization\",\"@id\":\"https:\\\/\\\/nan-rna.ca\\\/#organization\",\"name\":\"National Autism Network\",\"url\":\"https:\\\/\\\/nan-rna.ca\\\/\",\"logo\":{\"@type\":\"ImageObject\",\"inLanguage\":\"fr-CA\",\"@id\":\"https:\\\/\\\/nan-rna.ca\\\/#\\\/schema\\\/logo\\\/image\\\/\",\"url\":\"https:\\\/\\\/nan-rna.ca\\\/wp-content\\\/uploads\\\/2025\\\/05\\\/The-Network-logo-1080x300-1.png\",\"contentUrl\":\"https:\\\/\\\/nan-rna.ca\\\/wp-content\\\/uploads\\\/2025\\\/05\\\/The-Network-logo-1080x300-1.png\",\"width\":2160,\"height\":600,\"caption\":\"National Autism Network\"},\"image\":{\"@id\":\"https:\\\/\\\/nan-rna.ca\\\/#\\\/schema\\\/logo\\\/image\\\/\"}}]}<\/script>\n<!-- \/ Yoast SEO plugin. -->","yoast_head_json":{"title":"Board Of Directors Dashboard - National Autism Network","robots":{"index":"index","follow":"follow","max-snippet":"max-snippet:-1","max-image-preview":"max-image-preview:large","max-video-preview":"max-video-preview:-1"},"canonical":"https:\/\/nan-rna.ca\/fr\/board-of-directors-dashboard\/","og_locale":"fr_CA","og_type":"article","og_title":"Board Of Directors Dashboard - National Autism Network","og_description":"Hello, Welcome to your Board of Directors Portal This is a place where you can: We\u2019re glad you\u2019re here! Thank you again for being a part of the Network. Annual [&hellip;]","og_url":"https:\/\/nan-rna.ca\/fr\/board-of-directors-dashboard\/","og_site_name":"National Autism Network","article_modified_time":"2025-11-06T16:53:24+00:00","twitter_card":"summary_large_image","twitter_misc":{"Estimation du temps de lecture":"1 minute"},"schema":{"@context":"https:\/\/schema.org","@graph":[{"@type":"WebPage","@id":"https:\/\/nan-rna.ca\/board-of-directors-dashboard\/","url":"https:\/\/nan-rna.ca\/board-of-directors-dashboard\/","name":"Board Of Directors Dashboard - National Autism Network","isPartOf":{"@id":"https:\/\/nan-rna.ca\/#website"},"datePublished":"2025-07-28T06:41:34+00:00","dateModified":"2025-11-06T16:53:24+00:00","breadcrumb":{"@id":"https:\/\/nan-rna.ca\/board-of-directors-dashboard\/#breadcrumb"},"inLanguage":"fr-CA","potentialAction":[{"@type":"ReadAction","target":["https:\/\/nan-rna.ca\/board-of-directors-dashboard\/"]}]},{"@type":"BreadcrumbList","@id":"https:\/\/nan-rna.ca\/board-of-directors-dashboard\/#breadcrumb","itemListElement":[{"@type":"ListItem","position":1,"name":"Home","item":"https:\/\/nan-rna.ca\/"},{"@type":"ListItem","position":2,"name":"Board Of Directors Dashboard"}]},{"@type":"WebSite","@id":"https:\/\/nan-rna.ca\/#website","url":"https:\/\/nan-rna.ca\/","name":"R\u00e9seau national de l&#039;autisme","description":"Placer les personnes autistes, les familles et la communaut\u00e9 au coeur de l\u2019avenir.","publisher":{"@id":"https:\/\/nan-rna.ca\/#organization"},"potentialAction":[{"@type":"SearchAction","target":{"@type":"EntryPoint","urlTemplate":"https:\/\/nan-rna.ca\/?s={search_term_string}"},"query-input":{"@type":"PropertyValueSpecification","valueRequired":true,"valueName":"search_term_string"}}],"inLanguage":"fr-CA"},{"@type":"Organization","@id":"https:\/\/nan-rna.ca\/#organization","name":"R\u00e9seau national de l&#039;autisme","url":"https:\/\/nan-rna.ca\/","logo":{"@type":"ImageObject","inLanguage":"fr-CA","@id":"https:\/\/nan-rna.ca\/#\/schema\/logo\/image\/","url":"https:\/\/nan-rna.ca\/wp-content\/uploads\/2025\/05\/The-Network-logo-1080x300-1.png","contentUrl":"https:\/\/nan-rna.ca\/wp-content\/uploads\/2025\/05\/The-Network-logo-1080x300-1.png","width":2160,"height":600,"caption":"National Autism Network"},"image":{"@id":"https:\/\/nan-rna.ca\/#\/schema\/logo\/image\/"}}]}},"ticketed":false,"_links":{"self":[{"href":"https:\/\/nan-rna.ca\/fr\/wp-json\/wp\/v2\/pages\/1583","targetHints":{"allow":["GET"]}}],"collection":[{"href":"https:\/\/nan-rna.ca\/fr\/wp-json\/wp\/v2\/pages"}],"about":[{"href":"https:\/\/nan-rna.ca\/fr\/wp-json\/wp\/v2\/types\/page"}],"author":[{"embeddable":true,"href":"https:\/\/nan-rna.ca\/fr\/wp-json\/wp\/v2\/users\/1"}],"replies":[{"embeddable":true,"href":"https:\/\/nan-rna.ca\/fr\/wp-json\/wp\/v2\/comments?post=1583"}],"version-history":[{"count":6,"href":"https:\/\/nan-rna.ca\/fr\/wp-json\/wp\/v2\/pages\/1583\/revisions"}],"predecessor-version":[{"id":3440,"href":"https:\/\/nan-rna.ca\/fr\/wp-json\/wp\/v2\/pages\/1583\/revisions\/3440"}],"wp:attachment":[{"href":"https:\/\/nan-rna.ca\/fr\/wp-json\/wp\/v2\/media?parent=1583"}],"curies":[{"name":"wp","href":"https:\/\/api.w.org\/{rel}","templated":true}]}}