{"id":13,"date":"2025-05-23T15:55:33","date_gmt":"2025-05-23T15:55:33","guid":{"rendered":"http:\/\/ec2-3-99-221-8.ca-central-1.compute.amazonaws.com\/wordpress\/?page_id=13"},"modified":"2026-02-25T14:36:09","modified_gmt":"2026-02-25T19:36:09","slug":"careers","status":"publish","type":"page","link":"https:\/\/nan-rna.ca\/fr\/careers\/","title":{"rendered":"Emplois"},"content":{"rendered":"<div class=\"wp-block-group alignfull has-custom-background-blue-background-color has-background has-global-padding is-layout-constrained wp-container-core-group-is-layout-a82b0347 wp-block-group-is-layout-constrained\" style=\"margin-top:0;margin-bottom:0;padding-top:var(--wp--preset--spacing--sm);padding-right:0;padding-bottom:var(--wp--preset--spacing--sm);padding-left:0\">\n<div class=\"wp-block-group has-global-padding is-layout-constrained wp-container-core-group-is-layout-139feece wp-block-group-is-layout-constrained\" style=\"padding-right:var(--wp--preset--spacing--md);padding-left:var(--wp--preset--spacing--md)\">\n<h2 class=\"wp-block-heading has-text-align-center has-primary-blue-color has-text-color\" style=\"margin-bottom:var(--wp--preset--spacing--lg);font-size:clamp(1.743rem, 1.743rem + ((1vw - 0.2rem) * 1.571), 3rem);line-height:1.2\">Travailler avec notre \u00e9quipe<\/h2>\n\n\n\n<div class=\"wp-block-group careers-intro is-style-default has-contrast-color has-base-background-color has-text-color has-background has-link-color wp-elements-cb7b6e77241c480bfd64e53b5cd2ea75 has-global-padding is-layout-constrained wp-container-core-group-is-layout-1b0df824 wp-block-group-is-layout-constrained\" style=\"border-radius:8px;margin-bottom:var(--wp--preset--spacing--xs);padding-top:var(--wp--preset--spacing--sm);padding-right:var(--wp--preset--spacing--md);padding-bottom:var(--wp--preset--spacing--sm);padding-left:var(--wp--preset--spacing--md)\">\n<p class=\"has-contrast-color has-text-color\">Voulez-vous travailler avec nous? Votre int\u00e9r\u00eat est le bienvenu!&nbsp;&nbsp;<\/p>\n\n\n\n<p>Le R\u00e9seau national de l\u2019autisme est un employeur inclusif offrant un milieu de travail \u00e9quitable et bienveillant o\u00f9 chaque personne est soutenue pour la r\u00e9ussite en toute authenticit\u00e9. Nous sommes actuellement en p\u00e9riode d\u2019embauche pour les postes suivants.&nbsp;&nbsp;<\/p>\n\n\n\n<p class=\"has-contrast-color has-text-color\">Revenez r\u00e9guli\u00e8rement sur cette page pour d\u00e9couvrir de nouvelles occasions d\u2019emploi.&nbsp;<\/p>\n\n\n\n<div style=\"height:40px\" aria-hidden=\"true\" class=\"wp-block-spacer\"><\/div>\n\n\n\n<div class=\"wp-block-columns columns-grow wp-container-content-1559d078 is-layout-flex wp-container-core-columns-is-layout-a7a28704 wp-block-columns-is-layout-flex\" style=\"margin-top:var(--wp--preset--spacing--sm);margin-bottom:var(--wp--preset--spacing--sm);padding-right:0;padding-left:0\">\n<div class=\"wp-block-column tile has-base-background-color has-background has-global-padding is-layout-constrained wp-container-core-column-is-layout-88c6b9e1 wp-block-column-is-layout-constrained\" style=\"padding-top:var(--wp--preset--spacing--sm);padding-right:var(--wp--preset--spacing--sm);padding-bottom:var(--wp--preset--spacing--sm);padding-left:var(--wp--preset--spacing--sm)\"><\/div>\n\n\n\n<div class=\"wp-block-column tile has-base-background-color has-background has-global-padding is-layout-constrained wp-container-core-column-is-layout-88c6b9e1 wp-block-column-is-layout-constrained\" style=\"padding-top:var(--wp--preset--spacing--sm);padding-right:var(--wp--preset--spacing--sm);padding-bottom:var(--wp--preset--spacing--sm);padding-left:var(--wp--preset--spacing--sm)\"><\/div>\n<\/div>\n<\/div>\n<\/div>\n<\/div>","protected":false},"excerpt":{"rendered":"<p>Join Our Team We\u2019re thrilled you are interested in working with us!&nbsp;&nbsp; The National Autism Network is an inclusive employer that is committed to fostering a safe and equitable workplace [&hellip;]<\/p>\n","protected":false},"author":1,"featured_media":0,"parent":0,"menu_order":0,"comment_status":"closed","ping_status":"closed","template":"","meta":{"_price":"","_stock":"","_tribe_ticket_header":"","_tribe_default_ticket_provider":"","_tribe_ticket_capacity":"0","_ticket_start_date":"","_ticket_end_date":"","_tribe_ticket_show_description":"","_tribe_ticket_show_not_going":false,"_tribe_ticket_use_global_stock":"","_tribe_ticket_global_stock_level":"","_global_stock_mode":"","_global_stock_cap":"","_tribe_rsvp_for_event":"","_tribe_ticket_going_count":"","_tribe_ticket_not_going_count":"","_tribe_tickets_list":"[]","_tribe_ticket_has_attendee_info_fields":false,"_EventAllDay":false,"_EventTimezone":"","_EventStartDate":"","_EventEndDate":"","_EventStartDateUTC":"","_EventEndDateUTC":"","_EventShowMap":false,"_EventShowMapLink":false,"_EventURL":"","_EventCost":"","_EventCostDescription":"","_EventCurrencySymbol":"","_EventCurrencyCode":"","_EventCurrencyPosition":"","_EventDateTimeSeparator":"","_EventTimeRangeSeparator":"","_EventOrganizerID":[],"_EventVenueID":[],"_OrganizerEmail":"","_OrganizerPhone":"","_OrganizerWebsite":"","_VenueAddress":"","_VenueCity":"","_VenueCountry":"","_VenueProvince":"","_VenueState":"","_VenueZip":"","_VenuePhone":"","_VenueURL":"","_VenueStateProvince":"","_VenueLat":"","_VenueLng":"","_VenueShowMap":false,"_VenueShowMapLink":false,"_tribe_blocks_recurrence_rules":"","_tribe_blocks_recurrence_description":"","_tribe_blocks_recurrence_exclusions":"","footnotes":"","_tec_slr_enabled":"","_tec_slr_layout":""},"class_list":["post-13","page","type-page","status-publish","hentry"],"yoast_head":"<!-- This site is optimized with the Yoast SEO plugin v27.4 - https:\/\/yoast.com\/product\/yoast-seo-wordpress\/ -->\n<title>Careers - National Autism Network<\/title>\n<meta name=\"robots\" content=\"index, follow, max-snippet:-1, max-image-preview:large, max-video-preview:-1\" \/>\n<link rel=\"canonical\" href=\"https:\/\/nan-rna.ca\/fr\/careers\/\" \/>\n<meta property=\"og:locale\" content=\"fr_CA\" \/>\n<meta property=\"og:type\" content=\"article\" \/>\n<meta property=\"og:title\" content=\"Careers - National Autism Network\" \/>\n<meta property=\"og:description\" content=\"Join Our Team We\u2019re thrilled you are interested in working with us!&nbsp;&nbsp; The National Autism Network is an inclusive employer that is committed to fostering a safe and equitable workplace [&hellip;]\" \/>\n<meta property=\"og:url\" content=\"https:\/\/nan-rna.ca\/fr\/careers\/\" \/>\n<meta property=\"og:site_name\" content=\"National Autism Network\" \/>\n<meta property=\"article:modified_time\" content=\"2026-02-25T19:36:09+00:00\" \/>\n<meta name=\"twitter:card\" content=\"summary_large_image\" \/>\n<meta name=\"twitter:label1\" content=\"Estimation du temps de lecture\" \/>\n\t<meta name=\"twitter:data1\" content=\"1 minute\" \/>\n<script type=\"application\/ld+json\" class=\"yoast-schema-graph\">{\"@context\":\"https:\\\/\\\/schema.org\",\"@graph\":[{\"@type\":\"WebPage\",\"@id\":\"https:\\\/\\\/nan-rna.ca\\\/careers\\\/\",\"url\":\"https:\\\/\\\/nan-rna.ca\\\/careers\\\/\",\"name\":\"Careers - National Autism Network\",\"isPartOf\":{\"@id\":\"https:\\\/\\\/nan-rna.ca\\\/#website\"},\"datePublished\":\"2025-05-23T15:55:33+00:00\",\"dateModified\":\"2026-02-25T19:36:09+00:00\",\"breadcrumb\":{\"@id\":\"https:\\\/\\\/nan-rna.ca\\\/careers\\\/#breadcrumb\"},\"inLanguage\":\"fr-CA\",\"potentialAction\":[{\"@type\":\"ReadAction\",\"target\":[\"https:\\\/\\\/nan-rna.ca\\\/careers\\\/\"]}]},{\"@type\":\"BreadcrumbList\",\"@id\":\"https:\\\/\\\/nan-rna.ca\\\/careers\\\/#breadcrumb\",\"itemListElement\":[{\"@type\":\"ListItem\",\"position\":1,\"name\":\"Home\",\"item\":\"https:\\\/\\\/nan-rna.ca\\\/\"},{\"@type\":\"ListItem\",\"position\":2,\"name\":\"Careers\"}]},{\"@type\":\"WebSite\",\"@id\":\"https:\\\/\\\/nan-rna.ca\\\/#website\",\"url\":\"https:\\\/\\\/nan-rna.ca\\\/\",\"name\":\"National Autism Network\",\"description\":\"Centering Autistic People, Families, and Community to Shape the Future.\",\"publisher\":{\"@id\":\"https:\\\/\\\/nan-rna.ca\\\/#organization\"},\"potentialAction\":[{\"@type\":\"SearchAction\",\"target\":{\"@type\":\"EntryPoint\",\"urlTemplate\":\"https:\\\/\\\/nan-rna.ca\\\/?s={search_term_string}\"},\"query-input\":{\"@type\":\"PropertyValueSpecification\",\"valueRequired\":true,\"valueName\":\"search_term_string\"}}],\"inLanguage\":\"fr-CA\"},{\"@type\":\"Organization\",\"@id\":\"https:\\\/\\\/nan-rna.ca\\\/#organization\",\"name\":\"National Autism Network\",\"url\":\"https:\\\/\\\/nan-rna.ca\\\/\",\"logo\":{\"@type\":\"ImageObject\",\"inLanguage\":\"fr-CA\",\"@id\":\"https:\\\/\\\/nan-rna.ca\\\/#\\\/schema\\\/logo\\\/image\\\/\",\"url\":\"https:\\\/\\\/nan-rna.ca\\\/wp-content\\\/uploads\\\/2025\\\/05\\\/The-Network-logo-1080x300-1.png\",\"contentUrl\":\"https:\\\/\\\/nan-rna.ca\\\/wp-content\\\/uploads\\\/2025\\\/05\\\/The-Network-logo-1080x300-1.png\",\"width\":2160,\"height\":600,\"caption\":\"National Autism Network\"},\"image\":{\"@id\":\"https:\\\/\\\/nan-rna.ca\\\/#\\\/schema\\\/logo\\\/image\\\/\"}}]}<\/script>\n<!-- \/ Yoast SEO plugin. -->","yoast_head_json":{"title":"Careers - National Autism Network","robots":{"index":"index","follow":"follow","max-snippet":"max-snippet:-1","max-image-preview":"max-image-preview:large","max-video-preview":"max-video-preview:-1"},"canonical":"https:\/\/nan-rna.ca\/fr\/careers\/","og_locale":"fr_CA","og_type":"article","og_title":"Careers - National Autism Network","og_description":"Join Our Team We\u2019re thrilled you are interested in working with us!&nbsp;&nbsp; The National Autism Network is an inclusive employer that is committed to fostering a safe and equitable workplace [&hellip;]","og_url":"https:\/\/nan-rna.ca\/fr\/careers\/","og_site_name":"National Autism Network","article_modified_time":"2026-02-25T19:36:09+00:00","twitter_card":"summary_large_image","twitter_misc":{"Estimation du temps de lecture":"1 minute"},"schema":{"@context":"https:\/\/schema.org","@graph":[{"@type":"WebPage","@id":"https:\/\/nan-rna.ca\/careers\/","url":"https:\/\/nan-rna.ca\/careers\/","name":"Careers - National Autism Network","isPartOf":{"@id":"https:\/\/nan-rna.ca\/#website"},"datePublished":"2025-05-23T15:55:33+00:00","dateModified":"2026-02-25T19:36:09+00:00","breadcrumb":{"@id":"https:\/\/nan-rna.ca\/careers\/#breadcrumb"},"inLanguage":"fr-CA","potentialAction":[{"@type":"ReadAction","target":["https:\/\/nan-rna.ca\/careers\/"]}]},{"@type":"BreadcrumbList","@id":"https:\/\/nan-rna.ca\/careers\/#breadcrumb","itemListElement":[{"@type":"ListItem","position":1,"name":"Home","item":"https:\/\/nan-rna.ca\/"},{"@type":"ListItem","position":2,"name":"Careers"}]},{"@type":"WebSite","@id":"https:\/\/nan-rna.ca\/#website","url":"https:\/\/nan-rna.ca\/","name":"R\u00e9seau national de l&#039;autisme","description":"Placer les personnes autistes, les familles et la communaut\u00e9 au coeur de l\u2019avenir.","publisher":{"@id":"https:\/\/nan-rna.ca\/#organization"},"potentialAction":[{"@type":"SearchAction","target":{"@type":"EntryPoint","urlTemplate":"https:\/\/nan-rna.ca\/?s={search_term_string}"},"query-input":{"@type":"PropertyValueSpecification","valueRequired":true,"valueName":"search_term_string"}}],"inLanguage":"fr-CA"},{"@type":"Organization","@id":"https:\/\/nan-rna.ca\/#organization","name":"R\u00e9seau national de l&#039;autisme","url":"https:\/\/nan-rna.ca\/","logo":{"@type":"ImageObject","inLanguage":"fr-CA","@id":"https:\/\/nan-rna.ca\/#\/schema\/logo\/image\/","url":"https:\/\/nan-rna.ca\/wp-content\/uploads\/2025\/05\/The-Network-logo-1080x300-1.png","contentUrl":"https:\/\/nan-rna.ca\/wp-content\/uploads\/2025\/05\/The-Network-logo-1080x300-1.png","width":2160,"height":600,"caption":"National Autism Network"},"image":{"@id":"https:\/\/nan-rna.ca\/#\/schema\/logo\/image\/"}}]}},"ticketed":false,"_links":{"self":[{"href":"https:\/\/nan-rna.ca\/fr\/wp-json\/wp\/v2\/pages\/13","targetHints":{"allow":["GET"]}}],"collection":[{"href":"https:\/\/nan-rna.ca\/fr\/wp-json\/wp\/v2\/pages"}],"about":[{"href":"https:\/\/nan-rna.ca\/fr\/wp-json\/wp\/v2\/types\/page"}],"author":[{"embeddable":true,"href":"https:\/\/nan-rna.ca\/fr\/wp-json\/wp\/v2\/users\/1"}],"replies":[{"embeddable":true,"href":"https:\/\/nan-rna.ca\/fr\/wp-json\/wp\/v2\/comments?post=13"}],"version-history":[{"count":50,"href":"https:\/\/nan-rna.ca\/fr\/wp-json\/wp\/v2\/pages\/13\/revisions"}],"predecessor-version":[{"id":4842,"href":"https:\/\/nan-rna.ca\/fr\/wp-json\/wp\/v2\/pages\/13\/revisions\/4842"}],"wp:attachment":[{"href":"https:\/\/nan-rna.ca\/fr\/wp-json\/wp\/v2\/media?parent=13"}],"curies":[{"name":"wp","href":"https:\/\/api.w.org\/{rel}","templated":true}]}}